{"id":1226,"date":"2021-11-09T13:57:41","date_gmt":"2021-11-09T12:57:41","guid":{"rendered":"https:\/\/bastide-network.ovh\/bastide-groupe\/?page_id=1226"},"modified":"2022-07-11T17:08:08","modified_gmt":"2022-07-11T15:08:08","slug":"mentions-legales","status":"publish","type":"page","link":"https:\/\/bastide-network.ovh\/dev-bastide-groupe-dev\/mentions-legales\/","title":{"rendered":"Mentions l\u00e9gales"},"content":{"rendered":"<p>[et_pb_section fb_built=\u00a0\u00bb1&Prime; _builder_version=\u00a0\u00bb4.14.8&Prime; _module_preset=\u00a0\u00bbdefault\u00a0\u00bb background_color=\u00a0\u00bb#fbf8f6&Prime; background_enable_image=\u00a0\u00bboff\u00a0\u00bb background_position=\u00a0\u00bbbottom_center\u00a0\u00bb locked=\u00a0\u00bboff\u00a0\u00bb global_colors_info=\u00a0\u00bb{}\u00a0\u00bb][et_pb_row _builder_version=\u00a0\u00bb4.14.8&Prime; _module_preset=\u00a0\u00bbdefault\u00a0\u00bb custom_margin=\u00a0\u00bb||80px||false|false\u00a0\u00bb custom_margin_tablet=\u00a0\u00bb\u00a0\u00bb custom_margin_phone=\u00a0\u00bb\u00a0\u00bb custom_margin_last_edited=\u00a0\u00bbon|phone\u00a0\u00bb custom_padding=\u00a0\u00bb||||false|false\u00a0\u00bb locked=\u00a0\u00bboff\u00a0\u00bb global_colors_info=\u00a0\u00bb{}\u00a0\u00bb][et_pb_column type=\u00a0\u00bb4_4&Prime; _builder_version=\u00a0\u00bb4.9.3&Prime; _module_preset=\u00a0\u00bbdefault\u00a0\u00bb global_colors_info=\u00a0\u00bb{}\u00a0\u00bb][et_pb_post_title meta=\u00a0\u00bboff\u00a0\u00bb featured_image=\u00a0\u00bboff\u00a0\u00bb _builder_version=\u00a0\u00bb4.14.8&Prime; _module_preset=\u00a0\u00bbdefault\u00a0\u00bb title_font=\u00a0\u00bbCoolvetica Regular|800||on|||||\u00a0\u00bb title_text_align=\u00a0\u00bbcenter\u00a0\u00bb title_font_size=\u00a0\u00bb30px\u00a0\u00bb title_letter_spacing=\u00a0\u00bb3px\u00a0\u00bb custom_margin=\u00a0\u00bb30px||0px||false|false\u00a0\u00bb global_colors_info=\u00a0\u00bb{}\u00a0\u00bb][\/et_pb_post_title][et_pb_divider color=\u00a0\u00bb#008a8b\u00a0\u00bb divider_weight=\u00a0\u00bb4px\u00a0\u00bb _builder_version=\u00a0\u00bb4.14.8&Prime; _module_preset=\u00a0\u00bbdefault\u00a0\u00bb width=\u00a0\u00bb15%\u00a0\u00bb module_alignment=\u00a0\u00bbcenter\u00a0\u00bb custom_padding=\u00a0\u00bb15px||||false|false\u00a0\u00bb global_colors_info=\u00a0\u00bb{}\u00a0\u00bb][\/et_pb_divider][\/et_pb_column][\/et_pb_row][\/et_pb_section][et_pb_section fb_built=\u00a0\u00bb1&Prime; _builder_version=\u00a0\u00bb4.9.3&Prime; _module_preset=\u00a0\u00bbdefault\u00a0\u00bb global_colors_info=\u00a0\u00bb{}\u00a0\u00bb][et_pb_row _builder_version=\u00a0\u00bb4.14.8&Prime; _module_preset=\u00a0\u00bbdefault\u00a0\u00bb width=\u00a0\u00bb100%\u00a0\u00bb max_width=\u00a0\u00bb1200px\u00a0\u00bb custom_margin=\u00a0\u00bb-170px||||false|false\u00a0\u00bb custom_padding=\u00a0\u00bb50px|80px||80px|false|false\u00a0\u00bb global_colors_info=\u00a0\u00bb{}\u00a0\u00bb background_color=\u00a0\u00bb#FFFFFF\u00a0\u00bb custom_padding_phone=\u00a0\u00bb|20px||20px|false|false\u00a0\u00bb custom_padding_last_edited=\u00a0\u00bbon|phone\u00a0\u00bb custom_padding_tablet=\u00a0\u00bb50px|80px||80px|false|false\u00a0\u00bb][et_pb_column type=\u00a0\u00bb4_4&Prime; _builder_version=\u00a0\u00bb4.14.8&Prime; _module_preset=\u00a0\u00bbdefault\u00a0\u00bb global_colors_info=\u00a0\u00bb{}\u00a0\u00bb][et_pb_text _builder_version=\u00a0\u00bb4.14.8&Prime; _module_preset=\u00a0\u00bbdefault\u00a0\u00bb header_2_font=\u00a0\u00bbCoolvetica Regular|600||on|||||\u00a0\u00bb header_2_letter_spacing=\u00a0\u00bb3px\u00a0\u00bb global_colors_info=\u00a0\u00bb{}\u00a0\u00bb]<\/p>\n<p>Conform\u00e9ment \u00e0 la loi n\u00b02004-575 du 21 juin 2004 pour la confiance dans l\u2019\u00e9conomie num\u00e9rique, nous vous informons que :<br \/>Le site web \u00ab www.bastide-groupe.fr \u00bb est la propri\u00e9t\u00e9 de BASTIDE LE CONFORT MEDICAL, Soci\u00e9t\u00e9 Anonyme au capital de 3 305 204.10 \u20ac &#8211; RCS N\u00eemes B 305 635 039 \u2013 Siret 305 635 039 00194 \u2013 N\u00b0 Intracom. FR 19 305 635 039, dont le si\u00e8ge social est situ\u00e9 au :<br \/>Centre d\u2019activit\u00e9 Euro 2000. 12, avenue de la dame 30132 CAISSARGUES<br \/>Tel : 04 66 38 68 08<br \/>Directeur de la Publication : Vincent BASTIDE<br \/>H\u00e9bergeur : ABTEL &#8211; Parc Delta RTE Arles, 30230 Bouillargues &#8211; Tel : 04 66 04 06 13<br \/>Le site www.bastide-groupe.fr est r\u00e9gi par le droit fran\u00e7ais ; les visiteurs ayant acc\u00e8s au site depuis l\u2019\u00e9tranger, doivent s&rsquo;assurer du respect des lois localement applicables.<br \/>Les mentions l\u00e9gales pouvant \u00eatre modifi\u00e9es \u00e0 tout moment et sans pr\u00e9avis, nous vous engageons \u00e0 les consulter r\u00e9guli\u00e8rement.<\/p>\n<h2>Donn\u00e9es personnelles<\/h2>\n<p>Nous vous remercions de bien vouloir vous rapporter \u00e0 notre charte de protection des donn\u00e9es personnelles.<br \/>Les visiteurs de ce site sont inform\u00e9s et autorisent que des informations (t\u00e9moins de connexion ou \u00ab cookies \u00bb) peuvent \u00eatre temporairement conserv\u00e9es sur le disque dur de leur ordinateur afin de faciliter la navigation sur le site.<br \/>Toute information personnelle que vous serez amen\u00e9 \u00e0 transmettre \u00e0 BASTIDE LE CONFORT MEDICAL est soumise aux dispositions de la loi n\u00b0 78-17 Informatique et Libert\u00e9s du 6 janvier 1978 relative \u00e0 l\u2019informatique, aux fichiers et aux libert\u00e9s, modifi\u00e9e et aux dispositions du R\u00e8glement G\u00e9n\u00e9ral de Protection des Donn\u00e9es Personnelles entr\u00e9 en vigueur le 27 Avril 2017 et applicable au 25 Mai 2018.<\/p>\n<h2>Propri\u00e9t\u00e9 intellectuelle<\/h2>\n<p>Le groupe BASTIDE LE CONFORT MEDICAL d\u00e9tient, se r\u00e9serve et conserve tous les droits de propri\u00e9t\u00e9, notamment intellectuelle, y compris les droits de reproduction sur le pr\u00e9sent site et les \u00e9l\u00e9ments qu\u2019il contient.<br \/>En cons\u00e9quence et notamment toute reproduction partielle ou totale du pr\u00e9sent site et des \u00e9l\u00e9ments qu\u2019il contient est strictement interdite sans autorisation \u00e9crite de BASTIDE LE CONFORT MEDICAL.<br \/>Les marques, brevets, logos et tous autres signes distinctifs contenus sur ce site sont la propri\u00e9t\u00e9 du groupe BASTIDE LE CONFORT MEDICAL ou font l&rsquo;objet d&rsquo;une autorisation d&rsquo;utilisation. Aucun droit ou licence ne saurait \u00eatre attribu\u00e9 sur l&rsquo;un quelconque de ces \u00e9l\u00e9ments sans l&rsquo;autorisation \u00e9crite du groupe BASTIDE LE CONFORT MEDICAL ou du tiers d\u00e9tenteur des droits.<\/p>\n<h2>Exclusion de garantie et responsabilit\u00e9<\/h2>\n<p>L\u2019utilisateur du site web \u00ab www.bastide-groupe.fr \u00bb reconna\u00eet avoir pris connaissance des pr\u00e9sentes conditions d\u2019utilisation du site et s\u2019engage \u00e0 les respecter.<br \/>BASTIDE LE CONFORT MEDICAL ne saurait \u00eatre tenue pour responsable des dommages directs ou indirects qui pourraient r\u00e9sulter de l\u2019acc\u00e8s au site ou de l\u2019utilisation du site et\/ou de ces informations, y compris l\u2019inaccessibilit\u00e9, les pertes de donn\u00e9es, d\u00e9t\u00e9riorations, destructions ou virus qui pourraient affecter l\u2019\u00e9quipement informatique de l\u2019utilisateur et\/ou de la pr\u00e9sence de virus sur son site.<br \/>Bien que BASTIDE LE CONFORT MEDICAL s\u2019efforce de fournir un contenu fiable sur son site, il ne garantit pas que son contenu soit exempt d\u2019inexactitudes ou d\u2019omissions et ne saurait \u00eatre tenu pour responsable des erreurs ou omissions, d\u2019une absence de disponibilit\u00e9 des informations et des services. BASTIDE LE CONFORT MEDICAL se r\u00e9serve \u00e0 tout moment et sans pr\u00e9avis le droit d\u2019apporter des am\u00e9liorations et\/ou des modifications au contenu de son site.<br \/>En cons\u00e9quence, l\u2019utilisateur reconna\u00eet se servir de ses informations sous sa responsabilit\u00e9 exclusive.<\/p>\n<h2>Liens vers d&rsquo;autres sites<\/h2>\n<p>Le site peut inclure des liens vers d&rsquo;autres sites ou d&rsquo;autres sources Internet. Dans la mesure o\u00f9 BASTIDE LE CONFORT MEDICAL ne peut contr\u00f4ler ces sites et ces sources externes, BASTIDE LE CONFORT MEDICAL ne peut \u00eatre tenu pour responsable de la mise \u00e0 disposition de ces sites et sources externes, et d\u00e9cline ainsi toute responsabilit\u00e9 quant aux contenus, publicit\u00e9s, produits, services ou tout autre mat\u00e9riel disponible sur ou \u00e0 partir de ces sites ou sources externes. Ces liens sont propos\u00e9s aux utilisateurs du site BASTIDE LE CONFORT MEDICAL en tant que service. La d\u00e9cision d\u2019activer les liens vous appartient exclusivement.<br \/>Nous vous rappelons que les sites non-affili\u00e9s sont soumis \u00e0 leurs propres conditions d&rsquo;utilisation.<\/p>\n<p>[\/et_pb_text][\/et_pb_column][\/et_pb_row][\/et_pb_section]<\/p>\n","protected":false},"excerpt":{"rendered":"<p>Conform\u00e9ment \u00e0 la loi n\u00b02004-575 du 21 juin 2004 pour la confiance dans l\u2019\u00e9conomie num\u00e9rique, nous vous informons que :Le site web \u00ab www.bastide-groupe.fr \u00bb est la propri\u00e9t\u00e9 de BASTIDE LE CONFORT MEDICAL, Soci\u00e9t\u00e9 Anonyme au capital de 3 305 204.10 \u20ac &#8211; RCS N\u00eemes B 305 635 039 \u2013 Siret 305 635 039 00194 [&hellip;]<\/p>\n","protected":false},"author":1,"featured_media":0,"parent":0,"menu_order":0,"comment_status":"closed","ping_status":"closed","template":"","meta":{"_et_pb_use_builder":"on","_et_pb_old_content":"","_et_gb_content_width":"","footnotes":""},"class_list":["post-1226","page","type-page","status-publish","hentry"],"yoast_head":"<!-- This site is optimized with the Yoast SEO plugin v25.9 - https:\/\/yoast.com\/wordpress\/plugins\/seo\/ -->\n<title>Mentions l\u00e9gales - ***DEV*** Bastide Groupe ***DEV***<\/title>\n<meta name=\"robots\" content=\"noindex, follow, max-snippet:-1, max-image-preview:large, max-video-preview:-1\" \/>\n<meta property=\"og:locale\" content=\"fr_FR\" \/>\n<meta property=\"og:type\" content=\"article\" \/>\n<meta property=\"og:title\" content=\"Mentions l\u00e9gales - ***DEV*** Bastide Groupe ***DEV***\" \/>\n<meta property=\"og:description\" content=\"Conform\u00e9ment \u00e0 la loi n\u00b02004-575 du 21 juin 2004 pour la confiance dans l\u2019\u00e9conomie num\u00e9rique, nous vous informons que :Le site web \u00ab www.bastide-groupe.fr \u00bb est la propri\u00e9t\u00e9 de BASTIDE LE CONFORT MEDICAL, Soci\u00e9t\u00e9 Anonyme au capital de 3 305 204.10 \u20ac - RCS N\u00eemes B 305 635 039 \u2013 Siret 305 635 039 00194 [&hellip;]\" \/>\n<meta property=\"og:url\" content=\"https:\/\/bastide-network.ovh\/dev-bastide-groupe-dev\/mentions-legales\/\" \/>\n<meta property=\"og:site_name\" content=\"***DEV*** Bastide Groupe ***DEV***\" \/>\n<meta property=\"article:publisher\" content=\"https:\/\/www.facebook.com\/BastideConseil\/\" \/>\n<meta property=\"article:modified_time\" content=\"2022-07-11T15:08:08+00:00\" \/>\n<meta name=\"twitter:card\" content=\"summary_large_image\" \/>\n<meta name=\"twitter:label1\" content=\"Dur\u00e9e de lecture estim\u00e9e\" \/>\n\t<meta name=\"twitter:data1\" content=\"5 minutes\" \/>\n<script type=\"application\/ld+json\" class=\"yoast-schema-graph\">{\"@context\":\"https:\/\/schema.org\",\"@graph\":[{\"@type\":\"WebPage\",\"@id\":\"https:\/\/bastide-network.ovh\/dev-bastide-groupe-dev\/mentions-legales\/\",\"url\":\"https:\/\/bastide-network.ovh\/dev-bastide-groupe-dev\/mentions-legales\/\",\"name\":\"Mentions l\u00e9gales - ***DEV*** Bastide Groupe ***DEV***\",\"isPartOf\":{\"@id\":\"https:\/\/bastide-network.ovh\/dev-bastide-groupe-dev\/#website\"},\"datePublished\":\"2021-11-09T12:57:41+00:00\",\"dateModified\":\"2022-07-11T15:08:08+00:00\",\"breadcrumb\":{\"@id\":\"https:\/\/bastide-network.ovh\/dev-bastide-groupe-dev\/mentions-legales\/#breadcrumb\"},\"inLanguage\":\"fr-FR\",\"potentialAction\":[{\"@type\":\"ReadAction\",\"target\":[\"https:\/\/bastide-network.ovh\/dev-bastide-groupe-dev\/mentions-legales\/\"]}]},{\"@type\":\"BreadcrumbList\",\"@id\":\"https:\/\/bastide-network.ovh\/dev-bastide-groupe-dev\/mentions-legales\/#breadcrumb\",\"itemListElement\":[{\"@type\":\"ListItem\",\"position\":1,\"name\":\"Accueil\",\"item\":\"https:\/\/bastide-network.ovh\/dev-bastide-groupe-dev\/\"},{\"@type\":\"ListItem\",\"position\":2,\"name\":\"Mentions l\u00e9gales\"}]},{\"@type\":\"WebSite\",\"@id\":\"https:\/\/bastide-network.ovh\/dev-bastide-groupe-dev\/#website\",\"url\":\"https:\/\/bastide-network.ovh\/dev-bastide-groupe-dev\/\",\"name\":\"***DEV*** Bastide Groupe ***DEV***\",\"description\":\"Votre sant\u00e9 est notre priorit\u00e9\",\"publisher\":{\"@id\":\"https:\/\/bastide-network.ovh\/dev-bastide-groupe-dev\/#organization\"},\"potentialAction\":[{\"@type\":\"SearchAction\",\"target\":{\"@type\":\"EntryPoint\",\"urlTemplate\":\"https:\/\/bastide-network.ovh\/dev-bastide-groupe-dev\/?s={search_term_string}\"},\"query-input\":{\"@type\":\"PropertyValueSpecification\",\"valueRequired\":true,\"valueName\":\"search_term_string\"}}],\"inLanguage\":\"fr-FR\"},{\"@type\":\"Organization\",\"@id\":\"https:\/\/bastide-network.ovh\/dev-bastide-groupe-dev\/#organization\",\"name\":\"Bastide M\u00e9dical\",\"url\":\"https:\/\/bastide-network.ovh\/dev-bastide-groupe-dev\/\",\"logo\":{\"@type\":\"ImageObject\",\"inLanguage\":\"fr-FR\",\"@id\":\"https:\/\/bastide-network.ovh\/dev-bastide-groupe-dev\/#\/schema\/logo\/image\/\",\"url\":\"https:\/\/bastide-groupe.fr\/wp-content\/uploads\/sites\/7\/2020\/11\/Bastide-Groupe.png\",\"contentUrl\":\"https:\/\/bastide-groupe.fr\/wp-content\/uploads\/sites\/7\/2020\/11\/Bastide-Groupe.png\",\"width\":1586,\"height\":758,\"caption\":\"Bastide M\u00e9dical\"},\"image\":{\"@id\":\"https:\/\/bastide-network.ovh\/dev-bastide-groupe-dev\/#\/schema\/logo\/image\/\"},\"sameAs\":[\"https:\/\/www.facebook.com\/BastideConseil\/\",\"https:\/\/www.instagram.com\/bastidemedical\/?hl=fr\",\"https:\/\/www.linkedin.com\/company\/bastide-le-confort-medical?originalSubdomain=fr\",\"https:\/\/www.youtube.com\/channel\/UCc1I0rnnFfqJGl4Edg4lV2w\"]}]}<\/script>\n<!-- \/ Yoast SEO plugin. -->","yoast_head_json":{"title":"Mentions l\u00e9gales - ***DEV*** Bastide Groupe ***DEV***","robots":{"index":"noindex","follow":"follow","max-snippet":"max-snippet:-1","max-image-preview":"max-image-preview:large","max-video-preview":"max-video-preview:-1"},"og_locale":"fr_FR","og_type":"article","og_title":"Mentions l\u00e9gales - ***DEV*** Bastide Groupe ***DEV***","og_description":"Conform\u00e9ment \u00e0 la loi n\u00b02004-575 du 21 juin 2004 pour la confiance dans l\u2019\u00e9conomie num\u00e9rique, nous vous informons que :Le site web \u00ab www.bastide-groupe.fr \u00bb est la propri\u00e9t\u00e9 de BASTIDE LE CONFORT MEDICAL, Soci\u00e9t\u00e9 Anonyme au capital de 3 305 204.10 \u20ac - RCS N\u00eemes B 305 635 039 \u2013 Siret 305 635 039 00194 [&hellip;]","og_url":"https:\/\/bastide-network.ovh\/dev-bastide-groupe-dev\/mentions-legales\/","og_site_name":"***DEV*** Bastide Groupe ***DEV***","article_publisher":"https:\/\/www.facebook.com\/BastideConseil\/","article_modified_time":"2022-07-11T15:08:08+00:00","twitter_card":"summary_large_image","twitter_misc":{"Dur\u00e9e de lecture estim\u00e9e":"5 minutes"},"schema":{"@context":"https:\/\/schema.org","@graph":[{"@type":"WebPage","@id":"https:\/\/bastide-network.ovh\/dev-bastide-groupe-dev\/mentions-legales\/","url":"https:\/\/bastide-network.ovh\/dev-bastide-groupe-dev\/mentions-legales\/","name":"Mentions l\u00e9gales - ***DEV*** Bastide Groupe ***DEV***","isPartOf":{"@id":"https:\/\/bastide-network.ovh\/dev-bastide-groupe-dev\/#website"},"datePublished":"2021-11-09T12:57:41+00:00","dateModified":"2022-07-11T15:08:08+00:00","breadcrumb":{"@id":"https:\/\/bastide-network.ovh\/dev-bastide-groupe-dev\/mentions-legales\/#breadcrumb"},"inLanguage":"fr-FR","potentialAction":[{"@type":"ReadAction","target":["https:\/\/bastide-network.ovh\/dev-bastide-groupe-dev\/mentions-legales\/"]}]},{"@type":"BreadcrumbList","@id":"https:\/\/bastide-network.ovh\/dev-bastide-groupe-dev\/mentions-legales\/#breadcrumb","itemListElement":[{"@type":"ListItem","position":1,"name":"Accueil","item":"https:\/\/bastide-network.ovh\/dev-bastide-groupe-dev\/"},{"@type":"ListItem","position":2,"name":"Mentions l\u00e9gales"}]},{"@type":"WebSite","@id":"https:\/\/bastide-network.ovh\/dev-bastide-groupe-dev\/#website","url":"https:\/\/bastide-network.ovh\/dev-bastide-groupe-dev\/","name":"***DEV*** Bastide Groupe ***DEV***","description":"Votre sant\u00e9 est notre priorit\u00e9","publisher":{"@id":"https:\/\/bastide-network.ovh\/dev-bastide-groupe-dev\/#organization"},"potentialAction":[{"@type":"SearchAction","target":{"@type":"EntryPoint","urlTemplate":"https:\/\/bastide-network.ovh\/dev-bastide-groupe-dev\/?s={search_term_string}"},"query-input":{"@type":"PropertyValueSpecification","valueRequired":true,"valueName":"search_term_string"}}],"inLanguage":"fr-FR"},{"@type":"Organization","@id":"https:\/\/bastide-network.ovh\/dev-bastide-groupe-dev\/#organization","name":"Bastide M\u00e9dical","url":"https:\/\/bastide-network.ovh\/dev-bastide-groupe-dev\/","logo":{"@type":"ImageObject","inLanguage":"fr-FR","@id":"https:\/\/bastide-network.ovh\/dev-bastide-groupe-dev\/#\/schema\/logo\/image\/","url":"https:\/\/bastide-groupe.fr\/wp-content\/uploads\/sites\/7\/2020\/11\/Bastide-Groupe.png","contentUrl":"https:\/\/bastide-groupe.fr\/wp-content\/uploads\/sites\/7\/2020\/11\/Bastide-Groupe.png","width":1586,"height":758,"caption":"Bastide M\u00e9dical"},"image":{"@id":"https:\/\/bastide-network.ovh\/dev-bastide-groupe-dev\/#\/schema\/logo\/image\/"},"sameAs":["https:\/\/www.facebook.com\/BastideConseil\/","https:\/\/www.instagram.com\/bastidemedical\/?hl=fr","https:\/\/www.linkedin.com\/company\/bastide-le-confort-medical?originalSubdomain=fr","https:\/\/www.youtube.com\/channel\/UCc1I0rnnFfqJGl4Edg4lV2w"]}]}},"_links":{"self":[{"href":"https:\/\/bastide-network.ovh\/dev-bastide-groupe-dev\/wp-json\/wp\/v2\/pages\/1226","targetHints":{"allow":["GET"]}}],"collection":[{"href":"https:\/\/bastide-network.ovh\/dev-bastide-groupe-dev\/wp-json\/wp\/v2\/pages"}],"about":[{"href":"https:\/\/bastide-network.ovh\/dev-bastide-groupe-dev\/wp-json\/wp\/v2\/types\/page"}],"author":[{"embeddable":true,"href":"https:\/\/bastide-network.ovh\/dev-bastide-groupe-dev\/wp-json\/wp\/v2\/users\/1"}],"replies":[{"embeddable":true,"href":"https:\/\/bastide-network.ovh\/dev-bastide-groupe-dev\/wp-json\/wp\/v2\/comments?post=1226"}],"version-history":[{"count":12,"href":"https:\/\/bastide-network.ovh\/dev-bastide-groupe-dev\/wp-json\/wp\/v2\/pages\/1226\/revisions"}],"predecessor-version":[{"id":4918,"href":"https:\/\/bastide-network.ovh\/dev-bastide-groupe-dev\/wp-json\/wp\/v2\/pages\/1226\/revisions\/4918"}],"wp:attachment":[{"href":"https:\/\/bastide-network.ovh\/dev-bastide-groupe-dev\/wp-json\/wp\/v2\/media?parent=1226"}],"curies":[{"name":"wp","href":"https:\/\/api.w.org\/{rel}","templated":true}]}}