{"id":1233,"date":"2021-11-10T10:07:42","date_gmt":"2021-11-10T09:07:42","guid":{"rendered":"https:\/\/bastide-network.ovh\/bastide-groupe\/?page_id=1233"},"modified":"2022-03-29T17:21:54","modified_gmt":"2022-03-29T15:21:54","slug":"politique-de-confidentialite","status":"publish","type":"page","link":"https:\/\/bastide-network.ovh\/dev-bastide-groupe-dev\/politique-de-confidentialite\/","title":{"rendered":"Politique de confidentialit\u00e9"},"content":{"rendered":"<p>[et_pb_section fb_built=\u00a0\u00bb1&Prime; _builder_version=\u00a0\u00bb4.14.8&Prime; _module_preset=\u00a0\u00bbdefault\u00a0\u00bb background_color=\u00a0\u00bb#fbf8f6&Prime; background_enable_image=\u00a0\u00bboff\u00a0\u00bb background_position=\u00a0\u00bbbottom_center\u00a0\u00bb locked=\u00a0\u00bboff\u00a0\u00bb global_colors_info=\u00a0\u00bb{}\u00a0\u00bb][et_pb_row _builder_version=\u00a0\u00bb4.14.8&Prime; _module_preset=\u00a0\u00bbdefault\u00a0\u00bb custom_margin=\u00a0\u00bb||80px||false|false\u00a0\u00bb custom_margin_tablet=\u00a0\u00bb\u00a0\u00bb custom_margin_phone=\u00a0\u00bb\u00a0\u00bb custom_margin_last_edited=\u00a0\u00bbon|phone\u00a0\u00bb custom_padding=\u00a0\u00bb||||false|false\u00a0\u00bb locked=\u00a0\u00bboff\u00a0\u00bb global_colors_info=\u00a0\u00bb{}\u00a0\u00bb][et_pb_column type=\u00a0\u00bb4_4&Prime; _builder_version=\u00a0\u00bb4.9.3&Prime; _module_preset=\u00a0\u00bbdefault\u00a0\u00bb global_colors_info=\u00a0\u00bb{}\u00a0\u00bb][et_pb_post_title meta=\u00a0\u00bboff\u00a0\u00bb featured_image=\u00a0\u00bboff\u00a0\u00bb _builder_version=\u00a0\u00bb4.14.8&Prime; _module_preset=\u00a0\u00bbdefault\u00a0\u00bb title_font=\u00a0\u00bbCoolvetica Regular|800||on|||||\u00a0\u00bb title_text_align=\u00a0\u00bbcenter\u00a0\u00bb title_font_size=\u00a0\u00bb30px\u00a0\u00bb title_letter_spacing=\u00a0\u00bb3px\u00a0\u00bb custom_margin=\u00a0\u00bb30px||0px||false|false\u00a0\u00bb global_colors_info=\u00a0\u00bb{}\u00a0\u00bb][\/et_pb_post_title][et_pb_divider color=\u00a0\u00bb#008a8b\u00a0\u00bb divider_weight=\u00a0\u00bb4px\u00a0\u00bb _builder_version=\u00a0\u00bb4.14.8&Prime; _module_preset=\u00a0\u00bbdefault\u00a0\u00bb width=\u00a0\u00bb15%\u00a0\u00bb module_alignment=\u00a0\u00bbcenter\u00a0\u00bb custom_padding=\u00a0\u00bb15px||||false|false\u00a0\u00bb global_colors_info=\u00a0\u00bb{}\u00a0\u00bb][\/et_pb_divider][\/et_pb_column][\/et_pb_row][\/et_pb_section][et_pb_section fb_built=\u00a0\u00bb1&Prime; _builder_version=\u00a0\u00bb4.9.3&Prime; _module_preset=\u00a0\u00bbdefault\u00a0\u00bb global_colors_info=\u00a0\u00bb{}\u00a0\u00bb][et_pb_row _builder_version=\u00a0\u00bb4.14.8&Prime; _module_preset=\u00a0\u00bbdefault\u00a0\u00bb background_color=\u00a0\u00bb#FFFFFF\u00a0\u00bb width=\u00a0\u00bb100%\u00a0\u00bb max_width=\u00a0\u00bb1200px\u00a0\u00bb custom_margin=\u00a0\u00bb-170px||||false|false\u00a0\u00bb custom_padding=\u00a0\u00bb50px|80px||80px|false|false\u00a0\u00bb hover_enabled=\u00a0\u00bb0&Prime; global_colors_info=\u00a0\u00bb{}\u00a0\u00bb custom_padding_last_edited=\u00a0\u00bbon|phone\u00a0\u00bb sticky_enabled=\u00a0\u00bb0&Prime; custom_padding_phone=\u00a0\u00bb|20px||20px|false|false\u00a0\u00bb custom_padding_tablet=\u00a0\u00bb50px|80px||80px|false|false\u00a0\u00bb][et_pb_column type=\u00a0\u00bb4_4&Prime; _builder_version=\u00a0\u00bb4.9.3&Prime; _module_preset=\u00a0\u00bbdefault\u00a0\u00bb global_colors_info=\u00a0\u00bb{}\u00a0\u00bb][et_pb_text _builder_version=\u00a0\u00bb4.14.8&Prime; _module_preset=\u00a0\u00bbdefault\u00a0\u00bb header_2_font=\u00a0\u00bbCoolvetica Regular|600||on|||||\u00a0\u00bb header_2_letter_spacing=\u00a0\u00bb3px\u00a0\u00bb hover_enabled=\u00a0\u00bb0&Prime; global_colors_info=\u00a0\u00bb{}\u00a0\u00bb sticky_enabled=\u00a0\u00bb0&Prime;]<\/p>\n<p>BASTIDE LE CONFORT MEDICAL s&rsquo;engage \u00e0 assurer le meilleur niveau de protection \u00e0 vos donn\u00e9es personnelles en conformit\u00e9 avec les r\u00e9glementations europ\u00e9ennes et fran\u00e7aises qui lui sont applicables en mati\u00e8re de protection des donn\u00e9es personnelles. Pour toute information sur la protection des donn\u00e9es personnelles, vous pouvez \u00e9galement consulter le site de la Commission Informatique et Libert\u00e9 www.cnil.fr.BASTIDE LE CONFORT MEDICAL s&rsquo;engage \u00e0 assurer le meilleur niveau de protection \u00e0 vos donn\u00e9es personnelles en conformit\u00e9 avec les r\u00e9glementations europ\u00e9ennes et fran\u00e7aises qui lui sont applicables en mati\u00e8re de protection des donn\u00e9es personnelles. Pour toute information sur la protection des donn\u00e9es personnelles, vous pouvez \u00e9galement consulter le site de la Commission Informatique et Libert\u00e9 www.cnil.fr.En utilisant le site www.bastide-groupe.fr, vous acceptez la collecte et l\u2019utilisation de vos donn\u00e9es personnelles de la mani\u00e8re d\u00e9crite dans la pr\u00e9sente Charte de protection des donn\u00e9es. BASTIDE LE CONFORT MEDICAL est le responsable de traitement en charge d\u2019un ou de plusieurs traitements de donn\u00e9es \u00e0 caract\u00e8re personnel dont elle d\u00e9termine les finalit\u00e9s et les moyens. BASTIDE LE CONFORT MEDICAL traite vos donn\u00e9es personnelles dans le respect de votre vie priv\u00e9e.<\/p>\n<h2>I. Quelles sont les donn\u00e9es personnelles que BASTIDE LE CONFORT MEDICAL collecte ?<\/h2>\n<p>Dans le cadre de ces traitements, vos donn\u00e9es collect\u00e9es peuvent \u00eatre, notamment, les suivantes :<\/p>\n<ul>\n<li>Votre pr\u00e9nom, nom, e-mail<\/li>\n<li>T\u00e9moins de connexions \u201ccookies\u201d<\/li>\n<li>Donn\u00e9es de connexion et de navigation<\/li>\n<li>D\u2019autres informations que vous souhaitez nous communiquer<\/li>\n<\/ul>\n<h2>II. Quelles sont les finalit\u00e9s pour lesquelles vos donn\u00e9es collect\u00e9es ?<\/h2>\n<p>Pour les finalit\u00e9s suivantes, nous demandons votre consentement :<\/p>\n<ul>\n<li>Traitement de votre demande d\u2019information<\/li>\n<li>Participation \u00e0 des \u00e9v\u00e8nements professionnels<\/li>\n<li>Enqu\u00eates de satisfaction<\/li>\n<li>Newsletter.<\/li>\n<\/ul>\n<h2>III. Cookies<\/h2>\n<p>Le site www.bastide-groupe.fr utilise des cookies techniques strictement n\u00e9cessaires au fonctionnement du site et permettant d\u2019am\u00e9liorer votre navigation. Et qui sont les suivants :<\/p>\n<ul>\n<li>Session : Les cookies de session sont utilis\u00e9s pour maintenir l\u2019\u00e9tat de l\u2019application.<\/li>\n<li>S\u00e9curit\u00e9 : Les cookies de s\u00e9curit\u00e9 sont utilis\u00e9s pour les contr\u00f4les et v\u00e9rifications de la s\u00e9curit\u00e9.<\/li>\n<\/ul>\n<p><strong>IV. Comment vos donn\u00e9es sont-elles collect\u00e9es ?<\/strong><\/p>\n<p>Sur notre site internet, ces donn\u00e9es sont collect\u00e9es par le biais de formulaires de demande d\u2019information ou automatiquement.<\/p>\n<h2>V. Quand ces donn\u00e9es sont-elles collect\u00e9es ?<\/h2>\n<p>BASTIDE LE CONFORT MEDICAL collecte les informations que vous nous fournissez notamment quand vous naviguez sur notre site.<\/p>\n<h2>VI. Pour quelle dur\u00e9e sont-elles conserv\u00e9es ?<\/h2>\n<p>BASTIDE LE CONFORT MEDICAL conserve vos donn\u00e9es selon une dur\u00e9e d\u00e9termin\u00e9e.<\/p>\n<p>BASTIDE LE CONFORT MEDICAL conserve vos donn\u00e9es personnelles pour la plus longue des dur\u00e9es n\u00e9cessaires au respect des dispositions l\u00e9gales et r\u00e9glementaires applicables ou une autre dur\u00e9e compte tenu des contraintes op\u00e9rationnelles.<\/p>\n<h2>VII. Quels sont les destinataires de vos donn\u00e9es ?<\/h2>\n<p>BASTIDE LE CONFORT MEDICAL ne divulgue pas vos donn\u00e9es personnelles \u00e0 d\u2019autres entreprises (hors filiales du groupe) \u00e0 des fins de marketing. Les destinataires de ces donn\u00e9es sont selon les cas, les filiales de BASTIDE LE CONFORT MEDICAL ou des soci\u00e9t\u00e9s sous-traitantes. Cette divulgation se fait toujours avec des mesures de s\u00e9curit\u00e9 administratives, techniques et physiques afin de les prot\u00e9ger contre toute divulgation, utilisation, modification et destruction illicite par des tiers. BASTIDE LE CONFORT MEDICAL s\u2019engage \u00e0 assurer des contr\u00f4les de s\u00e9curit\u00e9 appropri\u00e9s pour prot\u00e9ger vos donn\u00e9es personnelles contre tout danger pr\u00e9visible. Vous \u00eates inform\u00e9 que des donn\u00e9es vous concernant ne sont pas transmises \u00e0 des soci\u00e9t\u00e9s situ\u00e9es dans des pays hors Union Europ\u00e9enne.<\/p>\n<p>Par ailleurs, notre site peut contenir des liens vers d\u2019autres sites Web que nous ne poss\u00e9dons pas ni n\u2019exploitons. Dans la mesure o\u00f9 les sites li\u00e9s ne font pas partis de BASTIDE LE CONFORT MEDICAL, nous ne les contr\u00f4lons pas et nous ne sommes pas responsables de leurs contenus, produits, services ou politiques et pratiques de confidentialit\u00e9. N\u00e9anmoins BASTIDE LE CONFORT MEDICAL s\u2019attache \u00e0 vous proposer des partenaires de confiance.<\/p>\n<h2>VIII. Comment BASTIDE LE CONFORT MEDICAL prot\u00e8ge-t-elle vos donn\u00e9es ?<\/h2>\n<p>BASTIDE LE CONFORT MEDICAL s\u2019engage \u00e0 prot\u00e9ger la s\u00e9curit\u00e9, la confidentialit\u00e9 et l\u2019int\u00e9grit\u00e9 de vos donn\u00e9es personnelles fournies sur notre site. BASTIDE LE CONFORT MEDICAL a nomm\u00e9 un D\u00e9l\u00e9gu\u00e9 \u00e0 la protection des donn\u00e9es (disponible \u00e0 l\u2019adresse suivante dpo@bastide-medical.fr ) dont la mission est de garantir la conformit\u00e9 des traitements que nous mettons en \u0153uvre et d\u2019assurer l\u2019exercice de vos droits.<\/p>\n<h2>IX. Quels sont vos droits et comment les exercer ?<\/h2>\n<p>Le droit d\u2019acc\u00e8s : Vous pouvez demander \u00e0 BASTIDE LE CONFORT MEDICAL d\u2019obtenir la confirmation que des donn\u00e9es personnelles vous concernant sont ou ne sont pas trait\u00e9es par nos services. Si elles le sont, vous pouvez en demander la copie.<\/p>\n<p>Le droit de rectification : Le droit de demander \u00e0 BASTIDE LE CONFORT MEDICAL la modification de vos informations inexactes sur sa base de donn\u00e9es.<\/p>\n<p>Le droit \u00e0 l\u2019effacement : BASTIDE LE CONFORT MEDICAL efface vos informations contenues dans nos bases de donn\u00e9es dans la mesure o\u00f9 ces derni\u00e8res sont plus pertinentes \u00e0 l\u2019une des finalit\u00e9s \u00e9nonc\u00e9es ci-dessus (par exemple : facturation).<\/p>\n<p>Le droit d\u2019opposition et de retrait de consentement : Vous souhaitez ne pas ou ne plus appara\u00eetre sur un fichier de nos bases, vous le pouvez en exer\u00e7ant l\u2019un de ces droits et \u00e0 tout moment.Le droit de limitation du traitement : Vous pouvez demander la suspension d\u2019un traitement vous concernant le temps d\u2019une v\u00e9rification.<\/p>\n<p>Le droit \u00e0 la portabilit\u00e9 : C\u2019est le droit d\u2019obtenir que ses donn\u00e9es personnelles soient transmises, dans un format structur\u00e9, couramment utilis\u00e9 et lisible pour l\u2019ordinateur, \u00e0 nous m\u00eame ou \u00e0 un autre responsable de traitement, lorsque cela est techniquement possible.<\/p>\n<p>Le droit de d\u00e9finir des directives relatives au sort de nos donn\u00e9es apr\u00e8s son d\u00e9c\u00e8s : Sans directive de votre part, apr\u00e8s un certain d\u00e9lai d\u2019inactivit\u00e9, BASTIDE LE CONFORT MEDICAL supprime vos donn\u00e9es. N\u00e9anmoins, vos h\u00e9ritiers peuvent apr\u00e8s votre d\u00e9c\u00e8s exercer les droits sur vos donn\u00e9es.<\/p>\n<p>Le droit d\u2019introduire une r\u00e9clamation aupr\u00e8s de la CNIL : Vous pouvez introduire une r\u00e9clamation si vous consid\u00e9rez que le traitement de donn\u00e9es \u00e0 caract\u00e8re personnel vous concernant constitue une violation \u00e0 la r\u00e8glementation.<\/p>\n<h2>Contact pour l\u2019exercice de vos droits<\/h2>\n<p>BASTIDE LE CONFORT MEDICAL se veut proche de ses utilisateurs du site. C\u2019est pourquoi nous ne m\u00e9nageons aucun effort pour vous assister. Pour toute question relative \u00e0 la pr\u00e9sente charte ou pour l\u2019exercice de vos droits, vous pouvez nous envoyer conform\u00e9ment \u00e0 la r\u00e9glementation, une demande accompagn\u00e9e d\u2019un justificatif d\u2019identit\u00e9 valide :<\/p>\n<ul>\n<li>Soit par courrier \u00e0 l\u2019adresse suivante :\u00a0BASTIDE LE CONFORT MEDICAL, Service DPO, CS 28219 \u2013 30942 NIMES CEDEX-<\/li>\n<li>Soit par e-mail \u00e0 : <a href=\"mailto:dpo@bastide-medical.fr\u00a0\">dpo@bastide-medical.fr\u00a0<\/a><\/li>\n<\/ul>\n<h2>Loi et juridiction applicable<\/h2>\n<p>La pr\u00e9sente charte relative \u00e0 la protection de vos donn\u00e9es personnelles est r\u00e9gie par la loi fran\u00e7aise et tout litige \u00e0 son sujet rel\u00e8vera de la comp\u00e9tence exclusive des tribunaux fran\u00e7ais.<\/p>\n<p>[\/et_pb_text][\/et_pb_column][\/et_pb_row][\/et_pb_section]<\/p>\n","protected":false},"excerpt":{"rendered":"<p>BASTIDE LE CONFORT MEDICAL s&rsquo;engage \u00e0 assurer le meilleur niveau de protection \u00e0 vos donn\u00e9es personnelles en conformit\u00e9 avec les r\u00e9glementations europ\u00e9ennes et fran\u00e7aises qui lui sont applicables en mati\u00e8re de protection des donn\u00e9es personnelles. Pour toute information sur la protection des donn\u00e9es personnelles, vous pouvez \u00e9galement consulter le site de la Commission Informatique et [&hellip;]<\/p>\n","protected":false},"author":1,"featured_media":0,"parent":0,"menu_order":0,"comment_status":"closed","ping_status":"closed","template":"","meta":{"_et_pb_use_builder":"on","_et_pb_old_content":"","_et_gb_content_width":"","footnotes":""},"class_list":["post-1233","page","type-page","status-publish","hentry"],"yoast_head":"<!-- This site is optimized with the Yoast SEO plugin v25.9 - https:\/\/yoast.com\/wordpress\/plugins\/seo\/ -->\n<title>Politique de confidentialit\u00e9 - ***DEV*** Bastide Groupe ***DEV***<\/title>\n<meta name=\"robots\" content=\"noindex, follow, max-snippet:-1, max-image-preview:large, max-video-preview:-1\" \/>\n<meta property=\"og:locale\" content=\"fr_FR\" \/>\n<meta property=\"og:type\" content=\"article\" \/>\n<meta property=\"og:title\" content=\"Politique de confidentialit\u00e9 - ***DEV*** Bastide Groupe ***DEV***\" \/>\n<meta property=\"og:description\" content=\"BASTIDE LE CONFORT MEDICAL s&#039;engage \u00e0 assurer le meilleur niveau de protection \u00e0 vos donn\u00e9es personnelles en conformit\u00e9 avec les r\u00e9glementations europ\u00e9ennes et fran\u00e7aises qui lui sont applicables en mati\u00e8re de protection des donn\u00e9es personnelles. Pour toute information sur la protection des donn\u00e9es personnelles, vous pouvez \u00e9galement consulter le site de la Commission Informatique et [&hellip;]\" \/>\n<meta property=\"og:url\" content=\"https:\/\/bastide-network.ovh\/dev-bastide-groupe-dev\/politique-de-confidentialite\/\" \/>\n<meta property=\"og:site_name\" content=\"***DEV*** Bastide Groupe ***DEV***\" \/>\n<meta property=\"article:publisher\" content=\"https:\/\/www.facebook.com\/BastideConseil\/\" \/>\n<meta property=\"article:modified_time\" content=\"2022-03-29T15:21:54+00:00\" \/>\n<meta name=\"twitter:card\" content=\"summary_large_image\" \/>\n<meta name=\"twitter:label1\" content=\"Dur\u00e9e de lecture estim\u00e9e\" \/>\n\t<meta name=\"twitter:data1\" content=\"7 minutes\" \/>\n<script type=\"application\/ld+json\" class=\"yoast-schema-graph\">{\"@context\":\"https:\/\/schema.org\",\"@graph\":[{\"@type\":\"WebPage\",\"@id\":\"https:\/\/bastide-network.ovh\/dev-bastide-groupe-dev\/politique-de-confidentialite\/\",\"url\":\"https:\/\/bastide-network.ovh\/dev-bastide-groupe-dev\/politique-de-confidentialite\/\",\"name\":\"Politique de confidentialit\u00e9 - ***DEV*** Bastide Groupe ***DEV***\",\"isPartOf\":{\"@id\":\"https:\/\/bastide-network.ovh\/dev-bastide-groupe-dev\/#website\"},\"datePublished\":\"2021-11-10T09:07:42+00:00\",\"dateModified\":\"2022-03-29T15:21:54+00:00\",\"breadcrumb\":{\"@id\":\"https:\/\/bastide-network.ovh\/dev-bastide-groupe-dev\/politique-de-confidentialite\/#breadcrumb\"},\"inLanguage\":\"fr-FR\",\"potentialAction\":[{\"@type\":\"ReadAction\",\"target\":[\"https:\/\/bastide-network.ovh\/dev-bastide-groupe-dev\/politique-de-confidentialite\/\"]}]},{\"@type\":\"BreadcrumbList\",\"@id\":\"https:\/\/bastide-network.ovh\/dev-bastide-groupe-dev\/politique-de-confidentialite\/#breadcrumb\",\"itemListElement\":[{\"@type\":\"ListItem\",\"position\":1,\"name\":\"Accueil\",\"item\":\"https:\/\/bastide-network.ovh\/dev-bastide-groupe-dev\/\"},{\"@type\":\"ListItem\",\"position\":2,\"name\":\"Politique de confidentialit\u00e9\"}]},{\"@type\":\"WebSite\",\"@id\":\"https:\/\/bastide-network.ovh\/dev-bastide-groupe-dev\/#website\",\"url\":\"https:\/\/bastide-network.ovh\/dev-bastide-groupe-dev\/\",\"name\":\"***DEV*** Bastide Groupe ***DEV***\",\"description\":\"Votre sant\u00e9 est notre priorit\u00e9\",\"publisher\":{\"@id\":\"https:\/\/bastide-network.ovh\/dev-bastide-groupe-dev\/#organization\"},\"potentialAction\":[{\"@type\":\"SearchAction\",\"target\":{\"@type\":\"EntryPoint\",\"urlTemplate\":\"https:\/\/bastide-network.ovh\/dev-bastide-groupe-dev\/?s={search_term_string}\"},\"query-input\":{\"@type\":\"PropertyValueSpecification\",\"valueRequired\":true,\"valueName\":\"search_term_string\"}}],\"inLanguage\":\"fr-FR\"},{\"@type\":\"Organization\",\"@id\":\"https:\/\/bastide-network.ovh\/dev-bastide-groupe-dev\/#organization\",\"name\":\"Bastide M\u00e9dical\",\"url\":\"https:\/\/bastide-network.ovh\/dev-bastide-groupe-dev\/\",\"logo\":{\"@type\":\"ImageObject\",\"inLanguage\":\"fr-FR\",\"@id\":\"https:\/\/bastide-network.ovh\/dev-bastide-groupe-dev\/#\/schema\/logo\/image\/\",\"url\":\"https:\/\/bastide-groupe.fr\/wp-content\/uploads\/sites\/7\/2020\/11\/Bastide-Groupe.png\",\"contentUrl\":\"https:\/\/bastide-groupe.fr\/wp-content\/uploads\/sites\/7\/2020\/11\/Bastide-Groupe.png\",\"width\":1586,\"height\":758,\"caption\":\"Bastide M\u00e9dical\"},\"image\":{\"@id\":\"https:\/\/bastide-network.ovh\/dev-bastide-groupe-dev\/#\/schema\/logo\/image\/\"},\"sameAs\":[\"https:\/\/www.facebook.com\/BastideConseil\/\",\"https:\/\/www.instagram.com\/bastidemedical\/?hl=fr\",\"https:\/\/www.linkedin.com\/company\/bastide-le-confort-medical?originalSubdomain=fr\",\"https:\/\/www.youtube.com\/channel\/UCc1I0rnnFfqJGl4Edg4lV2w\"]}]}<\/script>\n<!-- \/ Yoast SEO plugin. -->","yoast_head_json":{"title":"Politique de confidentialit\u00e9 - ***DEV*** Bastide Groupe ***DEV***","robots":{"index":"noindex","follow":"follow","max-snippet":"max-snippet:-1","max-image-preview":"max-image-preview:large","max-video-preview":"max-video-preview:-1"},"og_locale":"fr_FR","og_type":"article","og_title":"Politique de confidentialit\u00e9 - ***DEV*** Bastide Groupe ***DEV***","og_description":"BASTIDE LE CONFORT MEDICAL s'engage \u00e0 assurer le meilleur niveau de protection \u00e0 vos donn\u00e9es personnelles en conformit\u00e9 avec les r\u00e9glementations europ\u00e9ennes et fran\u00e7aises qui lui sont applicables en mati\u00e8re de protection des donn\u00e9es personnelles. Pour toute information sur la protection des donn\u00e9es personnelles, vous pouvez \u00e9galement consulter le site de la Commission Informatique et [&hellip;]","og_url":"https:\/\/bastide-network.ovh\/dev-bastide-groupe-dev\/politique-de-confidentialite\/","og_site_name":"***DEV*** Bastide Groupe ***DEV***","article_publisher":"https:\/\/www.facebook.com\/BastideConseil\/","article_modified_time":"2022-03-29T15:21:54+00:00","twitter_card":"summary_large_image","twitter_misc":{"Dur\u00e9e de lecture estim\u00e9e":"7 minutes"},"schema":{"@context":"https:\/\/schema.org","@graph":[{"@type":"WebPage","@id":"https:\/\/bastide-network.ovh\/dev-bastide-groupe-dev\/politique-de-confidentialite\/","url":"https:\/\/bastide-network.ovh\/dev-bastide-groupe-dev\/politique-de-confidentialite\/","name":"Politique de confidentialit\u00e9 - ***DEV*** Bastide Groupe ***DEV***","isPartOf":{"@id":"https:\/\/bastide-network.ovh\/dev-bastide-groupe-dev\/#website"},"datePublished":"2021-11-10T09:07:42+00:00","dateModified":"2022-03-29T15:21:54+00:00","breadcrumb":{"@id":"https:\/\/bastide-network.ovh\/dev-bastide-groupe-dev\/politique-de-confidentialite\/#breadcrumb"},"inLanguage":"fr-FR","potentialAction":[{"@type":"ReadAction","target":["https:\/\/bastide-network.ovh\/dev-bastide-groupe-dev\/politique-de-confidentialite\/"]}]},{"@type":"BreadcrumbList","@id":"https:\/\/bastide-network.ovh\/dev-bastide-groupe-dev\/politique-de-confidentialite\/#breadcrumb","itemListElement":[{"@type":"ListItem","position":1,"name":"Accueil","item":"https:\/\/bastide-network.ovh\/dev-bastide-groupe-dev\/"},{"@type":"ListItem","position":2,"name":"Politique de confidentialit\u00e9"}]},{"@type":"WebSite","@id":"https:\/\/bastide-network.ovh\/dev-bastide-groupe-dev\/#website","url":"https:\/\/bastide-network.ovh\/dev-bastide-groupe-dev\/","name":"***DEV*** Bastide Groupe ***DEV***","description":"Votre sant\u00e9 est notre priorit\u00e9","publisher":{"@id":"https:\/\/bastide-network.ovh\/dev-bastide-groupe-dev\/#organization"},"potentialAction":[{"@type":"SearchAction","target":{"@type":"EntryPoint","urlTemplate":"https:\/\/bastide-network.ovh\/dev-bastide-groupe-dev\/?s={search_term_string}"},"query-input":{"@type":"PropertyValueSpecification","valueRequired":true,"valueName":"search_term_string"}}],"inLanguage":"fr-FR"},{"@type":"Organization","@id":"https:\/\/bastide-network.ovh\/dev-bastide-groupe-dev\/#organization","name":"Bastide M\u00e9dical","url":"https:\/\/bastide-network.ovh\/dev-bastide-groupe-dev\/","logo":{"@type":"ImageObject","inLanguage":"fr-FR","@id":"https:\/\/bastide-network.ovh\/dev-bastide-groupe-dev\/#\/schema\/logo\/image\/","url":"https:\/\/bastide-groupe.fr\/wp-content\/uploads\/sites\/7\/2020\/11\/Bastide-Groupe.png","contentUrl":"https:\/\/bastide-groupe.fr\/wp-content\/uploads\/sites\/7\/2020\/11\/Bastide-Groupe.png","width":1586,"height":758,"caption":"Bastide M\u00e9dical"},"image":{"@id":"https:\/\/bastide-network.ovh\/dev-bastide-groupe-dev\/#\/schema\/logo\/image\/"},"sameAs":["https:\/\/www.facebook.com\/BastideConseil\/","https:\/\/www.instagram.com\/bastidemedical\/?hl=fr","https:\/\/www.linkedin.com\/company\/bastide-le-confort-medical?originalSubdomain=fr","https:\/\/www.youtube.com\/channel\/UCc1I0rnnFfqJGl4Edg4lV2w"]}]}},"_links":{"self":[{"href":"https:\/\/bastide-network.ovh\/dev-bastide-groupe-dev\/wp-json\/wp\/v2\/pages\/1233","targetHints":{"allow":["GET"]}}],"collection":[{"href":"https:\/\/bastide-network.ovh\/dev-bastide-groupe-dev\/wp-json\/wp\/v2\/pages"}],"about":[{"href":"https:\/\/bastide-network.ovh\/dev-bastide-groupe-dev\/wp-json\/wp\/v2\/types\/page"}],"author":[{"embeddable":true,"href":"https:\/\/bastide-network.ovh\/dev-bastide-groupe-dev\/wp-json\/wp\/v2\/users\/1"}],"replies":[{"embeddable":true,"href":"https:\/\/bastide-network.ovh\/dev-bastide-groupe-dev\/wp-json\/wp\/v2\/comments?post=1233"}],"version-history":[{"count":8,"href":"https:\/\/bastide-network.ovh\/dev-bastide-groupe-dev\/wp-json\/wp\/v2\/pages\/1233\/revisions"}],"predecessor-version":[{"id":4919,"href":"https:\/\/bastide-network.ovh\/dev-bastide-groupe-dev\/wp-json\/wp\/v2\/pages\/1233\/revisions\/4919"}],"wp:attachment":[{"href":"https:\/\/bastide-network.ovh\/dev-bastide-groupe-dev\/wp-json\/wp\/v2\/media?parent=1233"}],"curies":[{"name":"wp","href":"https:\/\/api.w.org\/{rel}","templated":true}]}}