{"id":4082,"date":"2022-03-17T19:05:53","date_gmt":"2022-03-17T18:05:53","guid":{"rendered":"https:\/\/bastide-network.ovh\/dev-bastide-groupe\/?page_id=4082"},"modified":"2022-07-29T16:13:29","modified_gmt":"2022-07-29T14:13:29","slug":"croissance-externe","status":"publish","type":"page","link":"https:\/\/bastide-network.ovh\/dev-bastide-groupe-dev\/nous-connaitre\/croissance-externe\/","title":{"rendered":"Croissance externe"},"content":{"rendered":"<p>[et_pb_section fb_built=\u00a0\u00bb1&Prime; _builder_version=\u00a0\u00bb4.16&Prime; _module_preset=\u00a0\u00bbdefault\u00a0\u00bb background_image=\u00a0\u00bbhttps:\/\/bastide-network.ovh\/dev-bastide-groupe\/wp-content\/uploads\/sites\/7\/2022\/03\/Couv-Developpement-International-0.5.jpg\u00a0\u00bb locked=\u00a0\u00bboff\u00a0\u00bb global_colors_info=\u00a0\u00bb{}\u00a0\u00bb][et_pb_row _builder_version=\u00a0\u00bb4.16&Prime; _module_preset=\u00a0\u00bbdefault\u00a0\u00bb max_width=\u00a0\u00bb1250px\u00a0\u00bb custom_padding=\u00a0\u00bb15px|||||\u00a0\u00bb global_colors_info=\u00a0\u00bb{}\u00a0\u00bb][et_pb_column type=\u00a0\u00bb4_4&Prime; _builder_version=\u00a0\u00bb4.16&Prime; _module_preset=\u00a0\u00bbdefault\u00a0\u00bb global_colors_info=\u00a0\u00bb{}\u00a0\u00bb][et_pb_post_title meta=\u00a0\u00bboff\u00a0\u00bb featured_image=\u00a0\u00bboff\u00a0\u00bb module_class=\u00a0\u00bbtitre-page\u00a0\u00bb _builder_version=\u00a0\u00bb4.16&Prime; _module_preset=\u00a0\u00bbdefault\u00a0\u00bb title_font=\u00a0\u00bbCoolvetica Regular|||on|||||\u00a0\u00bb title_text_align=\u00a0\u00bbleft\u00a0\u00bb title_text_color=\u00a0\u00bb#2d2d2d\u00a0\u00bb title_letter_spacing=\u00a0\u00bb4px\u00a0\u00bb background_color=\u00a0\u00bbRGBA(255,255,255,0)\u00a0\u00bb width=\u00a0\u00bb100%\u00a0\u00bb module_alignment=\u00a0\u00bbleft\u00a0\u00bb custom_margin=\u00a0\u00bb50px||||false|false\u00a0\u00bb custom_padding=\u00a0\u00bb||||false|false\u00a0\u00bb global_colors_info=\u00a0\u00bb{}\u00a0\u00bb][\/et_pb_post_title][et_pb_text _builder_version=\u00a0\u00bb4.16&Prime; _module_preset=\u00a0\u00bbdefault\u00a0\u00bb text_font=\u00a0\u00bbCoolvetica Regular|800||on|||||\u00a0\u00bb text_text_color=\u00a0\u00bb#2d2d2d\u00a0\u00bb text_font_size=\u00a0\u00bb30px\u00a0\u00bb text_line_height=\u00a0\u00bb1.6em\u00a0\u00bb header_font=\u00a0\u00bbCoolvetica Regular|||on|||||\u00a0\u00bb header_text_align=\u00a0\u00bbright\u00a0\u00bb header_2_font=\u00a0\u00bbCoolvetica Regular|600||on|||||\u00a0\u00bb header_2_text_align=\u00a0\u00bbleft\u00a0\u00bb header_2_font_size=\u00a0\u00bb30px\u00a0\u00bb header_2_letter_spacing=\u00a0\u00bb2px\u00a0\u00bb background_color=\u00a0\u00bbRGBA(255,255,255,0)\u00a0\u00bb text_orientation=\u00a0\u00bbright\u00a0\u00bb module_alignment=\u00a0\u00bbcenter\u00a0\u00bb custom_margin=\u00a0\u00bb||||false|false\u00a0\u00bb custom_padding=\u00a0\u00bb|2px||2px|false|false\u00a0\u00bb animation_style=\u00a0\u00bbzoom\u00a0\u00bb animation_duration=\u00a0\u00bb1450ms\u00a0\u00bb animation_delay=\u00a0\u00bb350ms\u00a0\u00bb animation_starting_opacity=\u00a0\u00bb4%\u00a0\u00bb global_colors_info=\u00a0\u00bb{}\u00a0\u00bb]<\/p>\n<h2><span style=\"color: #008a8b;\"> Votre sant\u00e9 est notre priorit\u00e9 <\/span><\/h2>\n<p>[\/et_pb_text][\/et_pb_column][\/et_pb_row][et_pb_row column_structure=\u00a0\u00bb1_3,1_3,1_3&Prime; _builder_version=\u00a0\u00bb4.16&Prime; _module_preset=\u00a0\u00bbdefault\u00a0\u00bb max_width=\u00a0\u00bb1250px\u00a0\u00bb module_alignment=\u00a0\u00bbcenter\u00a0\u00bb custom_margin=\u00a0\u00bb||130px||false|false\u00a0\u00bb global_colors_info=\u00a0\u00bb{}\u00a0\u00bb][et_pb_column type=\u00a0\u00bb1_3&Prime; _builder_version=\u00a0\u00bb4.16&Prime; _module_preset=\u00a0\u00bbdefault\u00a0\u00bb global_colors_info=\u00a0\u00bb{}\u00a0\u00bb][et_pb_text _builder_version=\u00a0\u00bb4.16&Prime; _module_preset=\u00a0\u00bbdefault\u00a0\u00bb text_font=\u00a0\u00bbCoolvetica Regular|600||on|||||\u00a0\u00bb text_text_color=\u00a0\u00bb#000000&Prime; text_font_size=\u00a0\u00bb20px\u00a0\u00bb text_letter_spacing=\u00a0\u00bb2px\u00a0\u00bb text_line_height=\u00a0\u00bb1em\u00a0\u00bb text_orientation=\u00a0\u00bbcenter\u00a0\u00bb custom_margin=\u00a0\u00bb||20px||false|false\u00a0\u00bb custom_padding=\u00a0\u00bb||||false|false\u00a0\u00bb global_colors_info=\u00a0\u00bb{}\u00a0\u00bb]<\/p>\n<p>Pr\u00e9sence<\/p>\n<p>[\/et_pb_text][et_pb_number_counter title=\u00a0\u00bbpays\u00a0\u00bb number=\u00a0\u00bb10&Prime; percent_sign=\u00a0\u00bboff\u00a0\u00bb _builder_version=\u00a0\u00bb4.16&Prime; _module_preset=\u00a0\u00bbdefault\u00a0\u00bb title_font=\u00a0\u00bbCoolvetica Regular|600||on|||||\u00a0\u00bb title_text_color=\u00a0\u00bb#000000&Prime; title_font_size=\u00a0\u00bb38px\u00a0\u00bb title_letter_spacing=\u00a0\u00bb2px\u00a0\u00bb number_text_color=\u00a0\u00bb#008a8b\u00a0\u00bb number_font_size=\u00a0\u00bb100px\u00a0\u00bb locked=\u00a0\u00bboff\u00a0\u00bb global_colors_info=\u00a0\u00bb{}\u00a0\u00bb][\/et_pb_number_counter][\/et_pb_column][et_pb_column type=\u00a0\u00bb1_3&Prime; _builder_version=\u00a0\u00bb4.16&Prime; _module_preset=\u00a0\u00bbdefault\u00a0\u00bb global_colors_info=\u00a0\u00bb{}\u00a0\u00bb][et_pb_text _builder_version=\u00a0\u00bb4.16&Prime; _module_preset=\u00a0\u00bbdefault\u00a0\u00bb text_font=\u00a0\u00bbCoolvetica Regular|600||on|||||\u00a0\u00bb text_text_color=\u00a0\u00bb#000000&Prime; text_font_size=\u00a0\u00bb20px\u00a0\u00bb text_letter_spacing=\u00a0\u00bb2px\u00a0\u00bb text_line_height=\u00a0\u00bb1em\u00a0\u00bb text_orientation=\u00a0\u00bbcenter\u00a0\u00bb custom_margin=\u00a0\u00bb||20px||false|false\u00a0\u00bb custom_padding=\u00a0\u00bb||||false|false\u00a0\u00bb global_colors_info=\u00a0\u00bb{}\u00a0\u00bb]<\/p>\n<p>filiales<\/p>\n<p>[\/et_pb_text][et_pb_number_counter title=\u00a0\u00bbgroupe\u00a0\u00bb number=\u00a0\u00bb72&Prime; percent_sign=\u00a0\u00bboff\u00a0\u00bb _builder_version=\u00a0\u00bb4.16&Prime; _module_preset=\u00a0\u00bbdefault\u00a0\u00bb title_font=\u00a0\u00bbCoolvetica Regular|600||on|||||\u00a0\u00bb title_text_color=\u00a0\u00bb#000000&Prime; title_font_size=\u00a0\u00bb38px\u00a0\u00bb title_letter_spacing=\u00a0\u00bb2px\u00a0\u00bb number_text_color=\u00a0\u00bb#008a8b\u00a0\u00bb number_font_size=\u00a0\u00bb100px\u00a0\u00bb locked=\u00a0\u00bboff\u00a0\u00bb global_colors_info=\u00a0\u00bb{}\u00a0\u00bb][\/et_pb_number_counter][\/et_pb_column][et_pb_column type=\u00a0\u00bb1_3&Prime; _builder_version=\u00a0\u00bb4.16&Prime; _module_preset=\u00a0\u00bbdefault\u00a0\u00bb global_colors_info=\u00a0\u00bb{}\u00a0\u00bb][et_pb_text _builder_version=\u00a0\u00bb4.16&Prime; _module_preset=\u00a0\u00bbdefault\u00a0\u00bb text_font=\u00a0\u00bbCoolvetica Regular|600||on|||||\u00a0\u00bb text_text_color=\u00a0\u00bb#000000&Prime; text_font_size=\u00a0\u00bb20px\u00a0\u00bb text_letter_spacing=\u00a0\u00bb2px\u00a0\u00bb text_line_height=\u00a0\u00bb1em\u00a0\u00bb text_orientation=\u00a0\u00bbcenter\u00a0\u00bb custom_margin=\u00a0\u00bb||20px||false|false\u00a0\u00bb custom_padding=\u00a0\u00bb||||false|false\u00a0\u00bb global_colors_info=\u00a0\u00bb{}\u00a0\u00bb]<\/p>\n<p>filiales<\/p>\n<p>[\/et_pb_text][et_pb_number_counter title=\u00a0\u00bb\u00e9trang\u00e8res\u00a0\u00bb number=\u00a0\u00bb20&Prime; percent_sign=\u00a0\u00bboff\u00a0\u00bb _builder_version=\u00a0\u00bb4.16&Prime; _module_preset=\u00a0\u00bbdefault\u00a0\u00bb title_font=\u00a0\u00bbCoolvetica Regular|600||on|||||\u00a0\u00bb title_text_color=\u00a0\u00bb#000000&Prime; title_font_size=\u00a0\u00bb38px\u00a0\u00bb title_letter_spacing=\u00a0\u00bb2px\u00a0\u00bb number_text_color=\u00a0\u00bb#008a8b\u00a0\u00bb number_font_size=\u00a0\u00bb100px\u00a0\u00bb locked=\u00a0\u00bboff\u00a0\u00bb global_colors_info=\u00a0\u00bb{}\u00a0\u00bb][\/et_pb_number_counter][\/et_pb_column][\/et_pb_row][\/et_pb_section][et_pb_section fb_built=\u00a0\u00bb1&Prime; _builder_version=\u00a0\u00bb4.16&Prime; _module_preset=\u00a0\u00bbdefault\u00a0\u00bb background_color=\u00a0\u00bb#fbf8f6&Prime; custom_padding=\u00a0\u00bb|50px|100px|50px|false|false\u00a0\u00bb locked=\u00a0\u00bboff\u00a0\u00bb global_colors_info=\u00a0\u00bb{}\u00a0\u00bb][et_pb_row column_structure=\u00a0\u00bb1_2,1_2&Prime; custom_padding_last_edited=\u00a0\u00bbon|tablet\u00a0\u00bb _builder_version=\u00a0\u00bb4.16&Prime; _module_preset=\u00a0\u00bbdefault\u00a0\u00bb background_color=\u00a0\u00bb#FFFFFF\u00a0\u00bb max_width=\u00a0\u00bb1400px\u00a0\u00bb module_alignment=\u00a0\u00bbcenter\u00a0\u00bb custom_margin=\u00a0\u00bb-140px|3px||auto|false|false\u00a0\u00bb custom_padding=\u00a0\u00bb|100px|50px|60px|false|false\u00a0\u00bb custom_padding_tablet=\u00a0\u00bb|50px||50px|false|false\u00a0\u00bb custom_padding_phone=\u00a0\u00bb|30px|50px|30px|false|false\u00a0\u00bb box_shadow_style=\u00a0\u00bbpreset2&Prime; box_shadow_horizontal=\u00a0\u00bb10px\u00a0\u00bb box_shadow_vertical=\u00a0\u00bb10px\u00a0\u00bb box_shadow_blur=\u00a0\u00bb14px\u00a0\u00bb box_shadow_color=\u00a0\u00bbrgba(0,0,0,0.06)\u00a0\u00bb global_colors_info=\u00a0\u00bb{}\u00a0\u00bb box_shadow_color__hover_enabled=\u00a0\u00bbon|hover\u00a0\u00bb box_shadow_color__hover=\u00a0\u00bbrgba(0,0,0,0.12)\u00a0\u00bb][et_pb_column type=\u00a0\u00bb1_2&Prime; _builder_version=\u00a0\u00bb4.16&Prime; _module_preset=\u00a0\u00bbdefault\u00a0\u00bb global_colors_info=\u00a0\u00bb{}\u00a0\u00bb][et_pb_text _builder_version=\u00a0\u00bb4.16&Prime; _module_preset=\u00a0\u00bbdefault\u00a0\u00bb global_colors_info=\u00a0\u00bb{}\u00a0\u00bb]<\/p>\n<p style=\"text-align: justify;\">Depuis 2016, le Groupe Bastide poursuit sa strat\u00e9gie de consolidation du secteur par des actions de croissance externe. D\u2019abord en France afin de conforter ses positions localement, puis \u00e0 l\u2019\u00e9tranger comme en Suisse, en Grande-Bretagne, en Espagne, en Italie ou encore au Canada. Citons par exemple l\u2019acquisition de Baywater Healthcare, l\u2019un des acteurs majeurs de l\u2019assistance respiratoire \u00e0 domicile en Angleterre.<\/p>\n<p>[\/et_pb_text][\/et_pb_column][et_pb_column type=\u00a0\u00bb1_2&Prime; _builder_version=\u00a0\u00bb4.16&Prime; _module_preset=\u00a0\u00bbdefault\u00a0\u00bb global_colors_info=\u00a0\u00bb{}\u00a0\u00bb][et_pb_text _builder_version=\u00a0\u00bb4.17.6&Prime; _module_preset=\u00a0\u00bbdefault\u00a0\u00bb hover_enabled=\u00a0\u00bb0&Prime; global_colors_info=\u00a0\u00bb{}\u00a0\u00bb sticky_enabled=\u00a0\u00bb0&Prime;]<\/p>\n<p style=\"text-align: justify;\">Cette dynamique de croissance externe a pour objectifs :<\/p>\n<ul>\n<li style=\"text-align: justify;\">Devenir un acteur majeur du march\u00e9 fran\u00e7ais de la prestation de sant\u00e9 \u00e0 domicile,<\/li>\n<li style=\"text-align: justify;\">Accompagner ses grands clients de collectivit\u00e9s de sant\u00e9 dans leur d\u00e9veloppement \u00e0 l\u2019international,<\/li>\n<li style=\"text-align: justify;\">Rationaliser les risques r\u00e9glementaires par une diversification des actifs.<\/li>\n<\/ul>\n<p style=\"text-align: justify;\">Avec d\u00e9sormais une constellation de 78 soci\u00e9t\u00e9s \u00e0 forte valeur ajout\u00e9e (respiratoire, nutrition-perfusion et diab\u00e8te), le Groupe Bastide s\u2019impose comme un acteur incontournable de la sant\u00e9 en France, en Europe et \u00e0 l\u2019international<\/p>\n<p>[\/et_pb_text][\/et_pb_column][\/et_pb_row][\/et_pb_section][et_pb_section fb_built=\u00a0\u00bb1&Prime; _builder_version=\u00a0\u00bb4.16&Prime; _module_preset=\u00a0\u00bbdefault\u00a0\u00bb global_colors_info=\u00a0\u00bb{}\u00a0\u00bb][\/et_pb_section]<\/p>\n","protected":false},"excerpt":{"rendered":"<p>Votre sant\u00e9 est notre priorit\u00e9 Pr\u00e9sencefilialesfilialesDepuis 2016, le Groupe Bastide poursuit sa strat\u00e9gie de consolidation du secteur par des actions de croissance externe. D\u2019abord en France afin de conforter ses positions localement, puis \u00e0 l\u2019\u00e9tranger comme en Suisse, en Grande-Bretagne, en Espagne, en Italie ou encore au Canada. Citons par exemple l\u2019acquisition de Baywater Healthcare, [&hellip;]<\/p>\n","protected":false},"author":1,"featured_media":0,"parent":3524,"menu_order":0,"comment_status":"closed","ping_status":"closed","template":"","meta":{"_et_pb_use_builder":"on","_et_pb_old_content":"","_et_gb_content_width":"","footnotes":""},"class_list":["post-4082","page","type-page","status-publish","hentry"],"yoast_head":"<!-- This site is optimized with the Yoast SEO plugin v25.9 - https:\/\/yoast.com\/wordpress\/plugins\/seo\/ -->\n<title>Croissance externe - ***DEV*** Bastide Groupe ***DEV***<\/title>\n<meta name=\"robots\" content=\"noindex, follow, max-snippet:-1, max-image-preview:large, max-video-preview:-1\" \/>\n<meta property=\"og:locale\" content=\"fr_FR\" \/>\n<meta property=\"og:type\" content=\"article\" \/>\n<meta property=\"og:title\" content=\"Croissance externe - ***DEV*** Bastide Groupe ***DEV***\" \/>\n<meta property=\"og:description\" content=\"Votre sant\u00e9 est notre priorit\u00e9 Pr\u00e9sencefilialesfilialesDepuis 2016, le Groupe Bastide poursuit sa strat\u00e9gie de consolidation du secteur par des actions de croissance externe. D\u2019abord en France afin de conforter ses positions localement, puis \u00e0 l\u2019\u00e9tranger comme en Suisse, en Grande-Bretagne, en Espagne, en Italie ou encore au Canada. Citons par exemple l\u2019acquisition de Baywater Healthcare, [&hellip;]\" \/>\n<meta property=\"og:url\" content=\"https:\/\/bastide-network.ovh\/dev-bastide-groupe-dev\/nous-connaitre\/croissance-externe\/\" \/>\n<meta property=\"og:site_name\" content=\"***DEV*** Bastide Groupe ***DEV***\" \/>\n<meta property=\"article:publisher\" content=\"https:\/\/www.facebook.com\/BastideConseil\/\" \/>\n<meta property=\"article:modified_time\" content=\"2022-07-29T14:13:29+00:00\" \/>\n<meta name=\"twitter:card\" content=\"summary_large_image\" \/>\n<meta name=\"twitter:label1\" content=\"Dur\u00e9e de lecture estim\u00e9e\" \/>\n\t<meta name=\"twitter:data1\" content=\"5 minutes\" \/>\n<script type=\"application\/ld+json\" class=\"yoast-schema-graph\">{\"@context\":\"https:\/\/schema.org\",\"@graph\":[{\"@type\":\"WebPage\",\"@id\":\"https:\/\/bastide-network.ovh\/dev-bastide-groupe-dev\/nous-connaitre\/croissance-externe\/\",\"url\":\"https:\/\/bastide-network.ovh\/dev-bastide-groupe-dev\/nous-connaitre\/croissance-externe\/\",\"name\":\"Croissance externe - ***DEV*** Bastide Groupe ***DEV***\",\"isPartOf\":{\"@id\":\"https:\/\/bastide-network.ovh\/dev-bastide-groupe-dev\/#website\"},\"datePublished\":\"2022-03-17T18:05:53+00:00\",\"dateModified\":\"2022-07-29T14:13:29+00:00\",\"breadcrumb\":{\"@id\":\"https:\/\/bastide-network.ovh\/dev-bastide-groupe-dev\/nous-connaitre\/croissance-externe\/#breadcrumb\"},\"inLanguage\":\"fr-FR\",\"potentialAction\":[{\"@type\":\"ReadAction\",\"target\":[\"https:\/\/bastide-network.ovh\/dev-bastide-groupe-dev\/nous-connaitre\/croissance-externe\/\"]}]},{\"@type\":\"BreadcrumbList\",\"@id\":\"https:\/\/bastide-network.ovh\/dev-bastide-groupe-dev\/nous-connaitre\/croissance-externe\/#breadcrumb\",\"itemListElement\":[{\"@type\":\"ListItem\",\"position\":1,\"name\":\"Accueil\",\"item\":\"https:\/\/bastide-network.ovh\/dev-bastide-groupe-dev\/\"},{\"@type\":\"ListItem\",\"position\":2,\"name\":\"Nous conna\u00eetre\",\"item\":\"https:\/\/bastide-network.ovh\/dev-bastide-groupe-dev\/nous-connaitre\/\"},{\"@type\":\"ListItem\",\"position\":3,\"name\":\"Croissance externe\"}]},{\"@type\":\"WebSite\",\"@id\":\"https:\/\/bastide-network.ovh\/dev-bastide-groupe-dev\/#website\",\"url\":\"https:\/\/bastide-network.ovh\/dev-bastide-groupe-dev\/\",\"name\":\"***DEV*** Bastide Groupe ***DEV***\",\"description\":\"Votre sant\u00e9 est notre priorit\u00e9\",\"publisher\":{\"@id\":\"https:\/\/bastide-network.ovh\/dev-bastide-groupe-dev\/#organization\"},\"potentialAction\":[{\"@type\":\"SearchAction\",\"target\":{\"@type\":\"EntryPoint\",\"urlTemplate\":\"https:\/\/bastide-network.ovh\/dev-bastide-groupe-dev\/?s={search_term_string}\"},\"query-input\":{\"@type\":\"PropertyValueSpecification\",\"valueRequired\":true,\"valueName\":\"search_term_string\"}}],\"inLanguage\":\"fr-FR\"},{\"@type\":\"Organization\",\"@id\":\"https:\/\/bastide-network.ovh\/dev-bastide-groupe-dev\/#organization\",\"name\":\"Bastide M\u00e9dical\",\"url\":\"https:\/\/bastide-network.ovh\/dev-bastide-groupe-dev\/\",\"logo\":{\"@type\":\"ImageObject\",\"inLanguage\":\"fr-FR\",\"@id\":\"https:\/\/bastide-network.ovh\/dev-bastide-groupe-dev\/#\/schema\/logo\/image\/\",\"url\":\"https:\/\/bastide-groupe.fr\/wp-content\/uploads\/sites\/7\/2020\/11\/Bastide-Groupe.png\",\"contentUrl\":\"https:\/\/bastide-groupe.fr\/wp-content\/uploads\/sites\/7\/2020\/11\/Bastide-Groupe.png\",\"width\":1586,\"height\":758,\"caption\":\"Bastide M\u00e9dical\"},\"image\":{\"@id\":\"https:\/\/bastide-network.ovh\/dev-bastide-groupe-dev\/#\/schema\/logo\/image\/\"},\"sameAs\":[\"https:\/\/www.facebook.com\/BastideConseil\/\",\"https:\/\/www.instagram.com\/bastidemedical\/?hl=fr\",\"https:\/\/www.linkedin.com\/company\/bastide-le-confort-medical?originalSubdomain=fr\",\"https:\/\/www.youtube.com\/channel\/UCc1I0rnnFfqJGl4Edg4lV2w\"]}]}<\/script>\n<!-- \/ Yoast SEO plugin. -->","yoast_head_json":{"title":"Croissance externe - ***DEV*** Bastide Groupe ***DEV***","robots":{"index":"noindex","follow":"follow","max-snippet":"max-snippet:-1","max-image-preview":"max-image-preview:large","max-video-preview":"max-video-preview:-1"},"og_locale":"fr_FR","og_type":"article","og_title":"Croissance externe - ***DEV*** Bastide Groupe ***DEV***","og_description":"Votre sant\u00e9 est notre priorit\u00e9 Pr\u00e9sencefilialesfilialesDepuis 2016, le Groupe Bastide poursuit sa strat\u00e9gie de consolidation du secteur par des actions de croissance externe. D\u2019abord en France afin de conforter ses positions localement, puis \u00e0 l\u2019\u00e9tranger comme en Suisse, en Grande-Bretagne, en Espagne, en Italie ou encore au Canada. Citons par exemple l\u2019acquisition de Baywater Healthcare, [&hellip;]","og_url":"https:\/\/bastide-network.ovh\/dev-bastide-groupe-dev\/nous-connaitre\/croissance-externe\/","og_site_name":"***DEV*** Bastide Groupe ***DEV***","article_publisher":"https:\/\/www.facebook.com\/BastideConseil\/","article_modified_time":"2022-07-29T14:13:29+00:00","twitter_card":"summary_large_image","twitter_misc":{"Dur\u00e9e de lecture estim\u00e9e":"5 minutes"},"schema":{"@context":"https:\/\/schema.org","@graph":[{"@type":"WebPage","@id":"https:\/\/bastide-network.ovh\/dev-bastide-groupe-dev\/nous-connaitre\/croissance-externe\/","url":"https:\/\/bastide-network.ovh\/dev-bastide-groupe-dev\/nous-connaitre\/croissance-externe\/","name":"Croissance externe - ***DEV*** Bastide Groupe ***DEV***","isPartOf":{"@id":"https:\/\/bastide-network.ovh\/dev-bastide-groupe-dev\/#website"},"datePublished":"2022-03-17T18:05:53+00:00","dateModified":"2022-07-29T14:13:29+00:00","breadcrumb":{"@id":"https:\/\/bastide-network.ovh\/dev-bastide-groupe-dev\/nous-connaitre\/croissance-externe\/#breadcrumb"},"inLanguage":"fr-FR","potentialAction":[{"@type":"ReadAction","target":["https:\/\/bastide-network.ovh\/dev-bastide-groupe-dev\/nous-connaitre\/croissance-externe\/"]}]},{"@type":"BreadcrumbList","@id":"https:\/\/bastide-network.ovh\/dev-bastide-groupe-dev\/nous-connaitre\/croissance-externe\/#breadcrumb","itemListElement":[{"@type":"ListItem","position":1,"name":"Accueil","item":"https:\/\/bastide-network.ovh\/dev-bastide-groupe-dev\/"},{"@type":"ListItem","position":2,"name":"Nous conna\u00eetre","item":"https:\/\/bastide-network.ovh\/dev-bastide-groupe-dev\/nous-connaitre\/"},{"@type":"ListItem","position":3,"name":"Croissance externe"}]},{"@type":"WebSite","@id":"https:\/\/bastide-network.ovh\/dev-bastide-groupe-dev\/#website","url":"https:\/\/bastide-network.ovh\/dev-bastide-groupe-dev\/","name":"***DEV*** Bastide Groupe ***DEV***","description":"Votre sant\u00e9 est notre priorit\u00e9","publisher":{"@id":"https:\/\/bastide-network.ovh\/dev-bastide-groupe-dev\/#organization"},"potentialAction":[{"@type":"SearchAction","target":{"@type":"EntryPoint","urlTemplate":"https:\/\/bastide-network.ovh\/dev-bastide-groupe-dev\/?s={search_term_string}"},"query-input":{"@type":"PropertyValueSpecification","valueRequired":true,"valueName":"search_term_string"}}],"inLanguage":"fr-FR"},{"@type":"Organization","@id":"https:\/\/bastide-network.ovh\/dev-bastide-groupe-dev\/#organization","name":"Bastide M\u00e9dical","url":"https:\/\/bastide-network.ovh\/dev-bastide-groupe-dev\/","logo":{"@type":"ImageObject","inLanguage":"fr-FR","@id":"https:\/\/bastide-network.ovh\/dev-bastide-groupe-dev\/#\/schema\/logo\/image\/","url":"https:\/\/bastide-groupe.fr\/wp-content\/uploads\/sites\/7\/2020\/11\/Bastide-Groupe.png","contentUrl":"https:\/\/bastide-groupe.fr\/wp-content\/uploads\/sites\/7\/2020\/11\/Bastide-Groupe.png","width":1586,"height":758,"caption":"Bastide M\u00e9dical"},"image":{"@id":"https:\/\/bastide-network.ovh\/dev-bastide-groupe-dev\/#\/schema\/logo\/image\/"},"sameAs":["https:\/\/www.facebook.com\/BastideConseil\/","https:\/\/www.instagram.com\/bastidemedical\/?hl=fr","https:\/\/www.linkedin.com\/company\/bastide-le-confort-medical?originalSubdomain=fr","https:\/\/www.youtube.com\/channel\/UCc1I0rnnFfqJGl4Edg4lV2w"]}]}},"_links":{"self":[{"href":"https:\/\/bastide-network.ovh\/dev-bastide-groupe-dev\/wp-json\/wp\/v2\/pages\/4082","targetHints":{"allow":["GET"]}}],"collection":[{"href":"https:\/\/bastide-network.ovh\/dev-bastide-groupe-dev\/wp-json\/wp\/v2\/pages"}],"about":[{"href":"https:\/\/bastide-network.ovh\/dev-bastide-groupe-dev\/wp-json\/wp\/v2\/types\/page"}],"author":[{"embeddable":true,"href":"https:\/\/bastide-network.ovh\/dev-bastide-groupe-dev\/wp-json\/wp\/v2\/users\/1"}],"replies":[{"embeddable":true,"href":"https:\/\/bastide-network.ovh\/dev-bastide-groupe-dev\/wp-json\/wp\/v2\/comments?post=4082"}],"version-history":[{"count":10,"href":"https:\/\/bastide-network.ovh\/dev-bastide-groupe-dev\/wp-json\/wp\/v2\/pages\/4082\/revisions"}],"predecessor-version":[{"id":5458,"href":"https:\/\/bastide-network.ovh\/dev-bastide-groupe-dev\/wp-json\/wp\/v2\/pages\/4082\/revisions\/5458"}],"up":[{"embeddable":true,"href":"https:\/\/bastide-network.ovh\/dev-bastide-groupe-dev\/wp-json\/wp\/v2\/pages\/3524"}],"wp:attachment":[{"href":"https:\/\/bastide-network.ovh\/dev-bastide-groupe-dev\/wp-json\/wp\/v2\/media?parent=4082"}],"curies":[{"name":"wp","href":"https:\/\/api.w.org\/{rel}","templated":true}]}}