{"id":5262,"date":"2022-07-22T11:54:56","date_gmt":"2022-07-22T09:54:56","guid":{"rendered":"https:\/\/bastide-network.ovh\/dev-bastide-groupe\/?page_id=5262"},"modified":"2022-07-22T17:08:12","modified_gmt":"2022-07-22T15:08:12","slug":"conventions-reglementees-conclues-par-la-societe","status":"publish","type":"page","link":"https:\/\/bastide-network.ovh\/dev-bastide-groupe-dev\/investisseurs\/documentation\/conventions-reglementees-conclues-par-la-societe\/","title":{"rendered":"Conventions r\u00e9glement\u00e9es conclues par la Soci\u00e9t\u00e9"},"content":{"rendered":"<p>[et_pb_section fb_built=\u00a0\u00bb1&Prime; _builder_version=\u00a0\u00bb4.15&Prime; _module_preset=\u00a0\u00bbdefault\u00a0\u00bb background_color=\u00a0\u00bb#fbf8f6&Prime; background_enable_image=\u00a0\u00bboff\u00a0\u00bb background_position=\u00a0\u00bbbottom_center\u00a0\u00bb locked=\u00a0\u00bboff\u00a0\u00bb global_colors_info=\u00a0\u00bb{}\u00a0\u00bb][et_pb_row _builder_version=\u00a0\u00bb4.15&Prime; _module_preset=\u00a0\u00bbdefault\u00a0\u00bb custom_margin=\u00a0\u00bb||80px||false|false\u00a0\u00bb custom_margin_tablet=\u00a0\u00bb\u00a0\u00bb custom_margin_phone=\u00a0\u00bb\u00a0\u00bb custom_margin_last_edited=\u00a0\u00bbon|phone\u00a0\u00bb custom_padding=\u00a0\u00bb||||false|false\u00a0\u00bb locked=\u00a0\u00bboff\u00a0\u00bb global_colors_info=\u00a0\u00bb{}\u00a0\u00bb][et_pb_column type=\u00a0\u00bb4_4&Prime; _builder_version=\u00a0\u00bb4.15&Prime; _module_preset=\u00a0\u00bbdefault\u00a0\u00bb global_colors_info=\u00a0\u00bb{}\u00a0\u00bb][et_pb_post_title meta=\u00a0\u00bboff\u00a0\u00bb featured_image=\u00a0\u00bboff\u00a0\u00bb _builder_version=\u00a0\u00bb4.15&Prime; _module_preset=\u00a0\u00bbdefault\u00a0\u00bb title_font=\u00a0\u00bbCoolvetica Regular|800||on|||||\u00a0\u00bb title_text_align=\u00a0\u00bbcenter\u00a0\u00bb title_font_size=\u00a0\u00bb30px\u00a0\u00bb title_letter_spacing=\u00a0\u00bb3px\u00a0\u00bb custom_margin=\u00a0\u00bb30px||0px||false|false\u00a0\u00bb global_colors_info=\u00a0\u00bb{}\u00a0\u00bb][\/et_pb_post_title][et_pb_divider color=\u00a0\u00bb#008a8b\u00a0\u00bb divider_weight=\u00a0\u00bb4px\u00a0\u00bb _builder_version=\u00a0\u00bb4.15&Prime; _module_preset=\u00a0\u00bbdefault\u00a0\u00bb width=\u00a0\u00bb15%\u00a0\u00bb module_alignment=\u00a0\u00bbcenter\u00a0\u00bb custom_padding=\u00a0\u00bb15px||||false|false\u00a0\u00bb global_colors_info=\u00a0\u00bb{}\u00a0\u00bb][\/et_pb_divider][\/et_pb_column][\/et_pb_row][\/et_pb_section][et_pb_section fb_built=\u00a0\u00bb1&Prime; _builder_version=\u00a0\u00bb4.15&Prime; _module_preset=\u00a0\u00bbdefault\u00a0\u00bb global_colors_info=\u00a0\u00bb{}\u00a0\u00bb][et_pb_row custom_padding_last_edited=\u00a0\u00bbon|phone\u00a0\u00bb _builder_version=\u00a0\u00bb4.15&Prime; _module_preset=\u00a0\u00bbdefault\u00a0\u00bb background_color=\u00a0\u00bb#FFFFFF\u00a0\u00bb width=\u00a0\u00bb100%\u00a0\u00bb max_width=\u00a0\u00bb1200px\u00a0\u00bb custom_margin=\u00a0\u00bb-170px||||false|false\u00a0\u00bb custom_padding=\u00a0\u00bb30px|80px||80px|false|false\u00a0\u00bb custom_padding_tablet=\u00a0\u00bb30px|80px||80px|false|false\u00a0\u00bb custom_padding_phone=\u00a0\u00bb|20px||20px|false|false\u00a0\u00bb global_colors_info=\u00a0\u00bb{}\u00a0\u00bb][et_pb_column type=\u00a0\u00bb4_4&Prime; _builder_version=\u00a0\u00bb4.15&Prime; _module_preset=\u00a0\u00bbdefault\u00a0\u00bb global_colors_info=\u00a0\u00bb{}\u00a0\u00bb][et_pb_blog include_categories=\u00a0\u00bb39&Prime; show_thumbnail=\u00a0\u00bboff\u00a0\u00bb show_author=\u00a0\u00bboff\u00a0\u00bb show_date=\u00a0\u00bboff\u00a0\u00bb show_categories=\u00a0\u00bboff\u00a0\u00bb _builder_version=\u00a0\u00bb4.15.1&Prime; _module_preset=\u00a0\u00bbdefault\u00a0\u00bb hover_enabled=\u00a0\u00bb0&Prime; global_colors_info=\u00a0\u00bb{}\u00a0\u00bb use_manual_excerpt=\u00a0\u00bboff\u00a0\u00bb show_excerpt=\u00a0\u00bboff\u00a0\u00bb show_more=\u00a0\u00bbon\u00a0\u00bb excerpt_length=\u00a0\u00bb100&Prime; sticky_enabled=\u00a0\u00bb0&Prime;][\/et_pb_blog][\/et_pb_column][\/et_pb_row][\/et_pb_section]<\/p>\n","protected":false},"excerpt":{"rendered":"","protected":false},"author":3,"featured_media":0,"parent":943,"menu_order":0,"comment_status":"closed","ping_status":"closed","template":"","meta":{"_et_pb_use_builder":"on","_et_pb_old_content":"","_et_gb_content_width":"","footnotes":""},"class_list":["post-5262","page","type-page","status-publish","hentry"],"yoast_head":"<!-- This site is optimized with the Yoast SEO plugin v25.9 - https:\/\/yoast.com\/wordpress\/plugins\/seo\/ -->\n<title>Conventions r\u00e9glement\u00e9es conclues par la Soci\u00e9t\u00e9 - ***DEV*** Bastide Groupe ***DEV***<\/title>\n<meta name=\"robots\" content=\"noindex, follow, max-snippet:-1, max-image-preview:large, max-video-preview:-1\" \/>\n<meta property=\"og:locale\" content=\"fr_FR\" \/>\n<meta property=\"og:type\" content=\"article\" \/>\n<meta property=\"og:title\" content=\"Conventions r\u00e9glement\u00e9es conclues par la Soci\u00e9t\u00e9 - ***DEV*** Bastide Groupe ***DEV***\" \/>\n<meta property=\"og:url\" content=\"https:\/\/bastide-network.ovh\/dev-bastide-groupe-dev\/investisseurs\/documentation\/conventions-reglementees-conclues-par-la-societe\/\" \/>\n<meta property=\"og:site_name\" content=\"***DEV*** Bastide Groupe ***DEV***\" \/>\n<meta property=\"article:publisher\" content=\"https:\/\/www.facebook.com\/BastideConseil\/\" \/>\n<meta property=\"article:modified_time\" content=\"2022-07-22T15:08:12+00:00\" \/>\n<meta name=\"twitter:card\" content=\"summary_large_image\" \/>\n<meta name=\"twitter:label1\" content=\"Dur\u00e9e de lecture estim\u00e9e\" \/>\n\t<meta name=\"twitter:data1\" content=\"1 minute\" \/>\n<script type=\"application\/ld+json\" class=\"yoast-schema-graph\">{\"@context\":\"https:\/\/schema.org\",\"@graph\":[{\"@type\":\"WebPage\",\"@id\":\"https:\/\/bastide-network.ovh\/dev-bastide-groupe-dev\/investisseurs\/documentation\/conventions-reglementees-conclues-par-la-societe\/\",\"url\":\"https:\/\/bastide-network.ovh\/dev-bastide-groupe-dev\/investisseurs\/documentation\/conventions-reglementees-conclues-par-la-societe\/\",\"name\":\"Conventions r\u00e9glement\u00e9es conclues par la Soci\u00e9t\u00e9 - ***DEV*** Bastide Groupe ***DEV***\",\"isPartOf\":{\"@id\":\"https:\/\/bastide-network.ovh\/dev-bastide-groupe-dev\/#website\"},\"datePublished\":\"2022-07-22T09:54:56+00:00\",\"dateModified\":\"2022-07-22T15:08:12+00:00\",\"breadcrumb\":{\"@id\":\"https:\/\/bastide-network.ovh\/dev-bastide-groupe-dev\/investisseurs\/documentation\/conventions-reglementees-conclues-par-la-societe\/#breadcrumb\"},\"inLanguage\":\"fr-FR\",\"potentialAction\":[{\"@type\":\"ReadAction\",\"target\":[\"https:\/\/bastide-network.ovh\/dev-bastide-groupe-dev\/investisseurs\/documentation\/conventions-reglementees-conclues-par-la-societe\/\"]}]},{\"@type\":\"BreadcrumbList\",\"@id\":\"https:\/\/bastide-network.ovh\/dev-bastide-groupe-dev\/investisseurs\/documentation\/conventions-reglementees-conclues-par-la-societe\/#breadcrumb\",\"itemListElement\":[{\"@type\":\"ListItem\",\"position\":1,\"name\":\"Accueil\",\"item\":\"https:\/\/bastide-network.ovh\/dev-bastide-groupe-dev\/\"},{\"@type\":\"ListItem\",\"position\":2,\"name\":\"Investisseurs\",\"item\":\"https:\/\/bastide-network.ovh\/dev-bastide-groupe-dev\/investisseurs\/\"},{\"@type\":\"ListItem\",\"position\":3,\"name\":\"Documentation\",\"item\":\"https:\/\/bastide-network.ovh\/dev-bastide-groupe-dev\/investisseurs\/documentation\/\"},{\"@type\":\"ListItem\",\"position\":4,\"name\":\"Conventions r\u00e9glement\u00e9es conclues par la Soci\u00e9t\u00e9\"}]},{\"@type\":\"WebSite\",\"@id\":\"https:\/\/bastide-network.ovh\/dev-bastide-groupe-dev\/#website\",\"url\":\"https:\/\/bastide-network.ovh\/dev-bastide-groupe-dev\/\",\"name\":\"***DEV*** Bastide Groupe ***DEV***\",\"description\":\"Votre sant\u00e9 est notre priorit\u00e9\",\"publisher\":{\"@id\":\"https:\/\/bastide-network.ovh\/dev-bastide-groupe-dev\/#organization\"},\"potentialAction\":[{\"@type\":\"SearchAction\",\"target\":{\"@type\":\"EntryPoint\",\"urlTemplate\":\"https:\/\/bastide-network.ovh\/dev-bastide-groupe-dev\/?s={search_term_string}\"},\"query-input\":{\"@type\":\"PropertyValueSpecification\",\"valueRequired\":true,\"valueName\":\"search_term_string\"}}],\"inLanguage\":\"fr-FR\"},{\"@type\":\"Organization\",\"@id\":\"https:\/\/bastide-network.ovh\/dev-bastide-groupe-dev\/#organization\",\"name\":\"Bastide M\u00e9dical\",\"url\":\"https:\/\/bastide-network.ovh\/dev-bastide-groupe-dev\/\",\"logo\":{\"@type\":\"ImageObject\",\"inLanguage\":\"fr-FR\",\"@id\":\"https:\/\/bastide-network.ovh\/dev-bastide-groupe-dev\/#\/schema\/logo\/image\/\",\"url\":\"https:\/\/bastide-groupe.fr\/wp-content\/uploads\/sites\/7\/2020\/11\/Bastide-Groupe.png\",\"contentUrl\":\"https:\/\/bastide-groupe.fr\/wp-content\/uploads\/sites\/7\/2020\/11\/Bastide-Groupe.png\",\"width\":1586,\"height\":758,\"caption\":\"Bastide M\u00e9dical\"},\"image\":{\"@id\":\"https:\/\/bastide-network.ovh\/dev-bastide-groupe-dev\/#\/schema\/logo\/image\/\"},\"sameAs\":[\"https:\/\/www.facebook.com\/BastideConseil\/\",\"https:\/\/www.instagram.com\/bastidemedical\/?hl=fr\",\"https:\/\/www.linkedin.com\/company\/bastide-le-confort-medical?originalSubdomain=fr\",\"https:\/\/www.youtube.com\/channel\/UCc1I0rnnFfqJGl4Edg4lV2w\"]}]}<\/script>\n<!-- \/ Yoast SEO plugin. -->","yoast_head_json":{"title":"Conventions r\u00e9glement\u00e9es conclues par la Soci\u00e9t\u00e9 - ***DEV*** Bastide Groupe ***DEV***","robots":{"index":"noindex","follow":"follow","max-snippet":"max-snippet:-1","max-image-preview":"max-image-preview:large","max-video-preview":"max-video-preview:-1"},"og_locale":"fr_FR","og_type":"article","og_title":"Conventions r\u00e9glement\u00e9es conclues par la Soci\u00e9t\u00e9 - ***DEV*** Bastide Groupe ***DEV***","og_url":"https:\/\/bastide-network.ovh\/dev-bastide-groupe-dev\/investisseurs\/documentation\/conventions-reglementees-conclues-par-la-societe\/","og_site_name":"***DEV*** Bastide Groupe ***DEV***","article_publisher":"https:\/\/www.facebook.com\/BastideConseil\/","article_modified_time":"2022-07-22T15:08:12+00:00","twitter_card":"summary_large_image","twitter_misc":{"Dur\u00e9e de lecture estim\u00e9e":"1 minute"},"schema":{"@context":"https:\/\/schema.org","@graph":[{"@type":"WebPage","@id":"https:\/\/bastide-network.ovh\/dev-bastide-groupe-dev\/investisseurs\/documentation\/conventions-reglementees-conclues-par-la-societe\/","url":"https:\/\/bastide-network.ovh\/dev-bastide-groupe-dev\/investisseurs\/documentation\/conventions-reglementees-conclues-par-la-societe\/","name":"Conventions r\u00e9glement\u00e9es conclues par la Soci\u00e9t\u00e9 - ***DEV*** Bastide Groupe ***DEV***","isPartOf":{"@id":"https:\/\/bastide-network.ovh\/dev-bastide-groupe-dev\/#website"},"datePublished":"2022-07-22T09:54:56+00:00","dateModified":"2022-07-22T15:08:12+00:00","breadcrumb":{"@id":"https:\/\/bastide-network.ovh\/dev-bastide-groupe-dev\/investisseurs\/documentation\/conventions-reglementees-conclues-par-la-societe\/#breadcrumb"},"inLanguage":"fr-FR","potentialAction":[{"@type":"ReadAction","target":["https:\/\/bastide-network.ovh\/dev-bastide-groupe-dev\/investisseurs\/documentation\/conventions-reglementees-conclues-par-la-societe\/"]}]},{"@type":"BreadcrumbList","@id":"https:\/\/bastide-network.ovh\/dev-bastide-groupe-dev\/investisseurs\/documentation\/conventions-reglementees-conclues-par-la-societe\/#breadcrumb","itemListElement":[{"@type":"ListItem","position":1,"name":"Accueil","item":"https:\/\/bastide-network.ovh\/dev-bastide-groupe-dev\/"},{"@type":"ListItem","position":2,"name":"Investisseurs","item":"https:\/\/bastide-network.ovh\/dev-bastide-groupe-dev\/investisseurs\/"},{"@type":"ListItem","position":3,"name":"Documentation","item":"https:\/\/bastide-network.ovh\/dev-bastide-groupe-dev\/investisseurs\/documentation\/"},{"@type":"ListItem","position":4,"name":"Conventions r\u00e9glement\u00e9es conclues par la Soci\u00e9t\u00e9"}]},{"@type":"WebSite","@id":"https:\/\/bastide-network.ovh\/dev-bastide-groupe-dev\/#website","url":"https:\/\/bastide-network.ovh\/dev-bastide-groupe-dev\/","name":"***DEV*** Bastide Groupe ***DEV***","description":"Votre sant\u00e9 est notre priorit\u00e9","publisher":{"@id":"https:\/\/bastide-network.ovh\/dev-bastide-groupe-dev\/#organization"},"potentialAction":[{"@type":"SearchAction","target":{"@type":"EntryPoint","urlTemplate":"https:\/\/bastide-network.ovh\/dev-bastide-groupe-dev\/?s={search_term_string}"},"query-input":{"@type":"PropertyValueSpecification","valueRequired":true,"valueName":"search_term_string"}}],"inLanguage":"fr-FR"},{"@type":"Organization","@id":"https:\/\/bastide-network.ovh\/dev-bastide-groupe-dev\/#organization","name":"Bastide M\u00e9dical","url":"https:\/\/bastide-network.ovh\/dev-bastide-groupe-dev\/","logo":{"@type":"ImageObject","inLanguage":"fr-FR","@id":"https:\/\/bastide-network.ovh\/dev-bastide-groupe-dev\/#\/schema\/logo\/image\/","url":"https:\/\/bastide-groupe.fr\/wp-content\/uploads\/sites\/7\/2020\/11\/Bastide-Groupe.png","contentUrl":"https:\/\/bastide-groupe.fr\/wp-content\/uploads\/sites\/7\/2020\/11\/Bastide-Groupe.png","width":1586,"height":758,"caption":"Bastide M\u00e9dical"},"image":{"@id":"https:\/\/bastide-network.ovh\/dev-bastide-groupe-dev\/#\/schema\/logo\/image\/"},"sameAs":["https:\/\/www.facebook.com\/BastideConseil\/","https:\/\/www.instagram.com\/bastidemedical\/?hl=fr","https:\/\/www.linkedin.com\/company\/bastide-le-confort-medical?originalSubdomain=fr","https:\/\/www.youtube.com\/channel\/UCc1I0rnnFfqJGl4Edg4lV2w"]}]}},"_links":{"self":[{"href":"https:\/\/bastide-network.ovh\/dev-bastide-groupe-dev\/wp-json\/wp\/v2\/pages\/5262","targetHints":{"allow":["GET"]}}],"collection":[{"href":"https:\/\/bastide-network.ovh\/dev-bastide-groupe-dev\/wp-json\/wp\/v2\/pages"}],"about":[{"href":"https:\/\/bastide-network.ovh\/dev-bastide-groupe-dev\/wp-json\/wp\/v2\/types\/page"}],"author":[{"embeddable":true,"href":"https:\/\/bastide-network.ovh\/dev-bastide-groupe-dev\/wp-json\/wp\/v2\/users\/3"}],"replies":[{"embeddable":true,"href":"https:\/\/bastide-network.ovh\/dev-bastide-groupe-dev\/wp-json\/wp\/v2\/comments?post=5262"}],"version-history":[{"count":5,"href":"https:\/\/bastide-network.ovh\/dev-bastide-groupe-dev\/wp-json\/wp\/v2\/pages\/5262\/revisions"}],"predecessor-version":[{"id":5274,"href":"https:\/\/bastide-network.ovh\/dev-bastide-groupe-dev\/wp-json\/wp\/v2\/pages\/5262\/revisions\/5274"}],"up":[{"embeddable":true,"href":"https:\/\/bastide-network.ovh\/dev-bastide-groupe-dev\/wp-json\/wp\/v2\/pages\/943"}],"wp:attachment":[{"href":"https:\/\/bastide-network.ovh\/dev-bastide-groupe-dev\/wp-json\/wp\/v2\/media?parent=5262"}],"curies":[{"name":"wp","href":"https:\/\/api.w.org\/{rel}","templated":true}]}}